{"id":1527,"date":"2021-05-21T15:38:31","date_gmt":"2021-05-21T13:38:31","guid":{"rendered":"http:\/\/juancardenas.es\/ktgt\/?page_id=1527"},"modified":"2022-10-20T22:03:28","modified_gmt":"2022-10-20T20:03:28","slug":"cursos","status":"publish","type":"page","link":"https:\/\/kastagnette.com\/es\/cursos\/","title":{"rendered":""},"content":{"rendered":"\t\t<div data-elementor-type=\"wp-page\" data-elementor-id=\"1527\" class=\"elementor elementor-1527\">\n\t\t\t\t\t\t<section class=\"elementor-section elementor-top-section elementor-element elementor-element-9c4b652 elementor-section-boxed elementor-section-height-default elementor-section-height-default\" data-id=\"9c4b652\" data-element_type=\"section\" data-e-type=\"section\">\n\t\t\t\t\t\t<div class=\"elementor-container elementor-column-gap-default\">\n\t\t\t\t\t<div class=\"elementor-column elementor-col-100 elementor-top-column elementor-element elementor-element-9991193\" data-id=\"9991193\" data-element_type=\"column\" data-e-type=\"column\">\n\t\t\t<div class=\"elementor-widget-wrap elementor-element-populated\">\n\t\t\t\t\t\t<div class=\"elementor-element elementor-element-76100e8 elementor-widget elementor-widget-Rovlex-Global-Widgets-Page-Title\" data-id=\"76100e8\" data-element_type=\"widget\" data-e-type=\"widget\" data-widget_type=\"Rovlex-Global-Widgets-Page-Title.default\">\n\t\t\t\t<div class=\"elementor-widget-container\">\n\t\t\t\t\t        \n\n        <!-- page-banner-section \n            ================================================== -->\n        <section class=\"page-banner-section\">\n            <div class=\"container\">\n                <h2><span>Cursos & Eventos<\/span><\/h2>\n\t\t\t<\/div>\n\t\t\t\t\t\t\t<div class=\"image-holder\">\n\t\t\t\t\t<img data-src=\"https:\/\/kastagnette.com\/es\/wp-content\/uploads\/sites\/2\/2021\/05\/02.png\" >\n\t\t\t\t<\/div>\n\t\t\t        <\/section>\n        <!-- End page-banner section -->\n\t\t\t\n    \n    \t\t\t\t<\/div>\n\t\t\t\t<\/div>\n\t\t\t\t\t<\/div>\n\t\t<\/div>\n\t\t\t\t\t<\/div>\n\t\t<\/section>\n\t\t\t\t<section class=\"elementor-section elementor-top-section elementor-element elementor-element-b314f1e elementor-section-boxed elementor-section-height-default elementor-section-height-default\" data-id=\"b314f1e\" data-element_type=\"section\" data-e-type=\"section\">\n\t\t\t\t\t\t<div class=\"elementor-container elementor-column-gap-default\">\n\t\t\t\t\t<div class=\"elementor-column elementor-col-100 elementor-top-column elementor-element elementor-element-adbae1e\" data-id=\"adbae1e\" data-element_type=\"column\" data-e-type=\"column\">\n\t\t\t<div class=\"elementor-widget-wrap elementor-element-populated\">\n\t\t\t\t\t\t<div class=\"elementor-element elementor-element-03f31e0 elementor-widget elementor-widget-Rovlex-Global-Widgets-Magic-Block\" data-id=\"03f31e0\" data-element_type=\"widget\" data-e-type=\"widget\" data-widget_type=\"Rovlex-Global-Widgets-Magic-Block.default\">\n\t\t\t\t<div class=\"elementor-widget-container\">\n\t\t\t\t\t\n\t<!-- recent-section \n\t\t================================================== -->\n\t\t<section class=\"recent-section\">\n\n            <div class=\"container\">\n                <div class=\"row \">\n\n                                            <div class=\"col-lg-12 no-sidebar\">\n                                                                        <div class=\"recent-box iso-call col3\">\n\n                                                                    <div class=\"item\">\n                                            \n<div class=\"standard-post post-1857 post type-post status-publish format-standard has-post-thumbnail hentry category-actuaciones category-cursos category-noticias category-online tag-actuaciones tag-eventos\">\n            <a href=\"https:\/\/kastagnette.com\/es\/taller-castanuelas\/\">\n            <img data-src=\"https:\/\/kastagnette.com\/es\/wp-content\/uploads\/sites\/2\/2026\/02\/Foto-WS-Kastagnetten-Webseite.jpg\" alt>\n        <\/a>\n\n        <h3><a href=\"https:\/\/kastagnette.com\/es\/taller-castanuelas\/\">Workshop de Casta\u00f1uelas<\/a><\/h3>\n        <ul class=\"post-meta\">\n                                          <li>\n                                    <a>\n                                        <i class=\"far fa-calendar-alt\"><\/i>\n                                        10.04.2026                                    <\/a>\n                                <\/li>\n                                <li>\n                                    <a>\n                                        <i class=\"far fa-map\"><\/i>\n                                        Berlin Sch\u00f6neberg                                    <\/a>\n                                <\/li>\n                                      <\/ul>\n    \n<\/div>\n                                        <\/div>\n                                                                            <div class=\"item\">\n                                            \n<div class=\"standard-post post-3637 post type-post status-publish format-standard has-post-thumbnail hentry category-cursos category-online tag-kastagnetten tag-kastagnettenunterricht tag-eventos tag-informationen tag-online\">\n            <a href=\"https:\/\/kastagnette.com\/es\/cursos-de-castanuelas-2\/\">\n            <img data-src=\"https:\/\/kastagnette.com\/es\/wp-content\/uploads\/sites\/2\/2026\/03\/Foto-KKurs-II-26-langs.jpg\" alt>\n        <\/a>\n\n        <h3><a href=\"https:\/\/kastagnette.com\/es\/cursos-de-castanuelas-2\/\">Cursos de Casta\u00f1uelas 2026<\/a><\/h3>\n        <ul class=\"post-meta\">\n                                                                                  <li>\n                                            <a href=\"https:\/\/kastagnette.com\/es\/categoria\/cursos\/\">\n                                                <i class=\"far fa-folder-open\"><\/i>\n                                                Cursos                                            <\/a>\n                                        <\/li>\n                                                                    <li>\n                                    <a>\n                                        <i class=\"far fa-clock\"><\/i>\n                                        2 semanas                                    <\/a>\n                                <\/li>\n                                    <\/ul>\n    \n<\/div>\n                                        <\/div>\n                                                                            <div class=\"item\">\n                                            \n<div class=\"standard-post post-4919 post type-post status-publish format-standard has-post-thumbnail hentry category-cursos category-online tag-actuaciones tag-kastagnetten tag-kastagnettenunterricht tag-eventos tag-online\">\n            <a href=\"https:\/\/kastagnette.com\/es\/exercises-etudes\/\">\n            <img data-src=\"https:\/\/kastagnette.com\/es\/wp-content\/uploads\/sites\/2\/2026\/02\/Exercises.jpg\" alt>\n        <\/a>\n\n        <h3><a href=\"https:\/\/kastagnette.com\/es\/exercises-etudes\/\">EXERCISES &amp; ETUDES &#8211; Inicio: 15 de abril<\/a><\/h3>\n        <ul class=\"post-meta\">\n                                                                                  <li>\n                                            <a href=\"https:\/\/kastagnette.com\/es\/categoria\/cursos\/\">\n                                                <i class=\"far fa-folder-open\"><\/i>\n                                                Cursos                                            <\/a>\n                                        <\/li>\n                                                                    <li>\n                                    <a>\n                                        <i class=\"far fa-clock\"><\/i>\n                                        2 semanas                                    <\/a>\n                                <\/li>\n                                    <\/ul>\n    \n<\/div>\n                                        <\/div>\n                                                                            <div class=\"item\">\n                                            \n<div class=\"standard-post post-4922 post type-post status-publish format-standard has-post-thumbnail hentry category-cursos category-online tag-actuaciones tag-kastagnetten tag-kastagnettenunterricht tag-eventos tag-online\">\n            <a href=\"https:\/\/kastagnette.com\/es\/repertorio\/\">\n            <img data-src=\"https:\/\/kastagnette.com\/es\/wp-content\/uploads\/sites\/2\/2026\/01\/Repertoire.jpg\" alt>\n        <\/a>\n\n        <h3><a href=\"https:\/\/kastagnette.com\/es\/repertorio\/\">REPERTORIO &#8211; Inicio: 15 de abril<\/a><\/h3>\n        <ul class=\"post-meta\">\n                                                                                  <li>\n                                            <a href=\"https:\/\/kastagnette.com\/es\/categoria\/cursos\/\">\n                                                <i class=\"far fa-folder-open\"><\/i>\n                                                Cursos                                            <\/a>\n                                        <\/li>\n                                                                    <li>\n                                    <a>\n                                        <i class=\"far fa-clock\"><\/i>\n                                        3 semanas                                    <\/a>\n                                <\/li>\n                                    <\/ul>\n    \n<\/div>\n                                        <\/div>\n                                                                            <div class=\"item\">\n                                            \n<div class=\"standard-post post-2299 post type-post status-publish format-standard has-post-thumbnail hentry category-cursos category-online tag-actuaciones tag-kastagnetten tag-kastagnettenunterricht tag-eventos tag-online tag-partituras\">\n            <a href=\"https:\/\/kastagnette.com\/es\/notaciones-para-castanuelas\/\">\n            <img data-src=\"https:\/\/kastagnette.com\/es\/wp-content\/uploads\/sites\/2\/2024\/10\/Notationskurs.jpg\" alt>\n        <\/a>\n\n        <h3><a href=\"https:\/\/kastagnette.com\/es\/notaciones-para-castanuelas\/\">Notaci\u00f3n musical de las Casta\u00f1uelas &#8211; 29 de mayo<\/a><\/h3>\n        <ul class=\"post-meta\">\n                                                                                  <li>\n                                            <a href=\"https:\/\/kastagnette.com\/es\/categoria\/cursos\/\">\n                                                <i class=\"far fa-folder-open\"><\/i>\n                                                Cursos                                            <\/a>\n                                        <\/li>\n                                                                    <li>\n                                    <a>\n                                        <i class=\"far fa-clock\"><\/i>\n                                        3 semanas                                    <\/a>\n                                <\/li>\n                                    <\/ul>\n    \n<\/div>\n                                        <\/div>\n                                                                            <div class=\"item\">\n                                            \n<div class=\"standard-post post-2508 post type-post status-publish format-standard has-post-thumbnail hentry category-actuaciones tag-actuaciones tag-kastagnettenunterricht tag-eventos tag-informationen\">\n            <a href=\"https:\/\/kastagnette.com\/es\/fechas-de-audicion\/\">\n            <img data-src=\"https:\/\/kastagnette.com\/es\/wp-content\/uploads\/sites\/2\/2021\/11\/Kastagnettenkurs-e1735230663620.jpg\" alt>\n        <\/a>\n\n        <h3><a href=\"https:\/\/kastagnette.com\/es\/fechas-de-audicion\/\">Nuestras Fechas de Audiciones<\/a><\/h3>\n        <ul class=\"post-meta\">\n                                          <li>\n                                    <a>\n                                        <i class=\"far fa-calendar-alt\"><\/i>\n                                        13.06.2026                                    <\/a>\n                                <\/li>\n                                <li>\n                                    <a>\n                                        <i class=\"far fa-map\"><\/i>\n                                        Berlin Sch\u00f6neberg                                    <\/a>\n                                <\/li>\n                                      <\/ul>\n    \n<\/div>\n                                        <\/div>\n                                                                            <div class=\"item\">\n                                            \n<div class=\"standard-post post-1557 post type-post status-publish format-standard has-post-thumbnail hentry category-cursos category-noticias tag-kastagnetten tag-kastagnettenunterricht tag-eventos tag-informationen tag-online\">\n            <a href=\"https:\/\/kastagnette.com\/es\/el-mundo-de-las-castanuelas\/\">\n            <img data-src=\"https:\/\/kastagnette.com\/es\/wp-content\/uploads\/sites\/2\/2025\/05\/Kastagnettenhande-A-Kopie.jpg\" alt>\n        <\/a>\n\n        <h3><a href=\"https:\/\/kastagnette.com\/es\/el-mundo-de-las-castanuelas\/\">El Mundo de las Casta\u00f1uelas<\/a><\/h3>\n        <ul class=\"post-meta\">\n                                                                                  <li>\n                                            <a href=\"https:\/\/kastagnette.com\/es\/categoria\/cursos\/\">\n                                                <i class=\"far fa-folder-open\"><\/i>\n                                                Cursos                                            <\/a>\n                                        <\/li>\n                                                                    <li>\n                                    <a>\n                                        <i class=\"far fa-clock\"><\/i>\n                                        3 semanas                                    <\/a>\n                                <\/li>\n                                    <\/ul>\n    \n<\/div>\n                                        <\/div>\n                                                                            <div class=\"item\">\n                                            \n<div class=\"standard-post post-1824 post type-post status-publish format-standard has-post-thumbnail hentry category-cursos category-noticias category-online tag-kastagnetten tag-kastagnettenunterricht tag-eventos tag-informationen tag-online\">\n            <a href=\"https:\/\/kastagnette.com\/es\/nuestras-clases\/\">\n            <img data-src=\"https:\/\/kastagnette.com\/es\/wp-content\/uploads\/sites\/2\/2025\/05\/IMG_2197.jpg\" alt>\n        <\/a>\n\n        <h3><a href=\"https:\/\/kastagnette.com\/es\/nuestras-clases\/\">Las Clases &#8230;<\/a><\/h3>\n        <ul class=\"post-meta\">\n                                                                                  <li>\n                                            <a href=\"https:\/\/kastagnette.com\/es\/categoria\/cursos\/\">\n                                                <i class=\"far fa-folder-open\"><\/i>\n                                                Cursos                                            <\/a>\n                                        <\/li>\n                                                                    <li>\n                                    <a>\n                                        <i class=\"far fa-clock\"><\/i>\n                                        3 semanas                                    <\/a>\n                                <\/li>\n                                    <\/ul>\n    \n<\/div>\n                                        <\/div>\n                                                                            <div class=\"item\">\n                                            \n<div class=\"standard-post post-2120 post type-post status-publish format-standard has-post-thumbnail hentry category-cursos category-online category-video tag-kastagnettenunterricht tag-eventos tag-informationen tag-online\">\n            <a href=\"https:\/\/kastagnette.com\/es\/clases-online\/\">\n            <img data-src=\"https:\/\/kastagnette.com\/es\/wp-content\/uploads\/sites\/2\/2022\/02\/WS-IGkK-III-e1735230570689.jpg\" alt>\n        <\/a>\n\n        <h3><a href=\"https:\/\/kastagnette.com\/es\/clases-online\/\">Clases onLine<\/a><\/h3>\n        <ul class=\"post-meta\">\n                                                                                  <li>\n                                            <a href=\"https:\/\/kastagnette.com\/es\/categoria\/cursos\/\">\n                                                <i class=\"far fa-folder-open\"><\/i>\n                                                Cursos                                            <\/a>\n                                        <\/li>\n                                                                    <li>\n                                    <a>\n                                        <i class=\"far fa-clock\"><\/i>\n                                        3 semanas                                    <\/a>\n                                <\/li>\n                                    <\/ul>\n    \n<\/div>\n                                        <\/div>\n                                                            \n                        <\/div>\n                                    <div class=\"fabriclab-pagination\">\n\t\t\t\t<ul class='page-numbers'>\n\t<li><span aria-current=\"page\" class=\"page-numbers current\">1<\/span><\/li>\n\t<li><a class=\"page-numbers\" href=\"https:\/\/kastagnette.com\/es\/wp-json\/wp\/v2\/pages\/1527\/page\/2\/\">2<\/a><\/li>\n\t<li><a class=\"next page-numbers\" href=\"https:\/\/kastagnette.com\/es\/wp-json\/wp\/v2\/pages\/1527\/page\/2\/\"><i class=\"fas fa-chevron-right\"><\/i><\/a><\/li>\n<\/ul>\n            <\/div>\n\n\t\t                    <\/div>\n                                    <\/div>\n\n            <\/div>\n\t\t<\/section>\n\t\t<!-- End recent section -->\n\t\t\t\n    \n    \t\t\t\t<\/div>\n\t\t\t\t<\/div>\n\t\t\t\t\t<\/div>\n\t\t<\/div>\n\t\t\t\t\t<\/div>\n\t\t<\/section>\n\t\t\t\t<\/div>\n\t\t","protected":false},"excerpt":{"rendered":"<p>Cursos &#038; Eventos Vacaciones de Oto\u00f1o Cursos 2 d\u00edas Cursos de casta\u00f1uelas Cursos 2 meses Taller de casta\u00f1uelas Cursos 2 meses Descarga de Partituras Blog 5 meses Notaci\u00f3n musical para casta\u00f1uelas Cursos 8 meses La continuaci\u00f3n Workshop IGkK Blog 8 meses Clases onLine Cursos 1 a\u00f1o El Mundo de las Casta\u00f1uelas Blog 1 a\u00f1o Nuestras <\/p>\n","protected":false},"author":2,"featured_media":0,"parent":0,"menu_order":0,"comment_status":"closed","ping_status":"closed","template":"","meta":{"_acf_changed":false,"footnotes":""},"class_list":["post-1527","page","type-page","status-publish","hentry"],"acf":[],"aioseo_notices":[],"_links":{"self":[{"href":"https:\/\/kastagnette.com\/es\/wp-json\/wp\/v2\/pages\/1527","targetHints":{"allow":["GET"]}}],"collection":[{"href":"https:\/\/kastagnette.com\/es\/wp-json\/wp\/v2\/pages"}],"about":[{"href":"https:\/\/kastagnette.com\/es\/wp-json\/wp\/v2\/types\/page"}],"author":[{"embeddable":true,"href":"https:\/\/kastagnette.com\/es\/wp-json\/wp\/v2\/users\/2"}],"replies":[{"embeddable":true,"href":"https:\/\/kastagnette.com\/es\/wp-json\/wp\/v2\/comments?post=1527"}],"version-history":[{"count":8,"href":"https:\/\/kastagnette.com\/es\/wp-json\/wp\/v2\/pages\/1527\/revisions"}],"predecessor-version":[{"id":3477,"href":"https:\/\/kastagnette.com\/es\/wp-json\/wp\/v2\/pages\/1527\/revisions\/3477"}],"wp:attachment":[{"href":"https:\/\/kastagnette.com\/es\/wp-json\/wp\/v2\/media?parent=1527"}],"curies":[{"name":"wp","href":"https:\/\/api.w.org\/{rel}","templated":true}]}}