{"id":2283,"date":"2021-05-30T16:12:08","date_gmt":"2021-05-30T16:12:08","guid":{"rendered":"http:\/\/juancardenas.es\/ktgt\/?page_id=2283"},"modified":"2025-04-08T22:42:35","modified_gmt":"2025-04-08T20:42:35","slug":"enlaces","status":"publish","type":"page","link":"https:\/\/kastagnette.com\/es\/enlaces\/","title":{"rendered":""},"content":{"rendered":"<div style=\"clear:both;\"><\/div><div id=\"gallery-wplf\" class=\"galleryid-wplf gallery-columns-3 wplf-display\"><figure id=\"gallery-item-0\" class=\"gallery-item wplf-item\">\n\t\t\t\t<div class=\"gallery-icon landscape\">\n\t\t\t\t<a class=\"wplf_link\" href=\"https:\/\/castanuelasdelsur.com\/\" target=\"_blank\">\n\t\t\t\t<img fetchpriority=\"high\" width=\"300\" height=\"209\" class=\"attachment-medium size-medium\" alt=\"\" style=\"box-shadow: 0 5px 10px 0 rgba(0,0,0,0.2),0 5px 15px 0 rgba(0,0,0,0.19);\" sizes=\"(max-width: 300px) 100vw, 300px\" data-src=\"https:\/\/kastagnette.com\/es\/wp-content\/uploads\/sites\/2\/wp-links-page\/httpscastanuelasdelsurcom1623676228-300x209.jpg\" data-srcset=\"https:\/\/kastagnette.com\/es\/wp-content\/uploads\/sites\/2\/wp-links-page\/httpscastanuelasdelsurcom1623676228-300x209.jpg 300w, https:\/\/kastagnette.com\/es\/wp-content\/uploads\/sites\/2\/wp-links-page\/httpscastanuelasdelsurcom1623676228-24x17.jpg 24w, https:\/\/kastagnette.com\/es\/wp-content\/uploads\/sites\/2\/wp-links-page\/httpscastanuelasdelsurcom1623676228-36x25.jpg 36w, https:\/\/kastagnette.com\/es\/wp-content\/uploads\/sites\/2\/wp-links-page\/httpscastanuelasdelsurcom1623676228-48x33.jpg 48w, https:\/\/kastagnette.com\/es\/wp-content\/uploads\/sites\/2\/wp-links-page\/httpscastanuelasdelsurcom1623676228.jpg 500w\" \/>\n\t\t\t\t<p class=\"wplf_display\" style=\"text-align: right\" ><\/p>\n\t\t\t\t<\/a><p class=\"wplf_desc\" style=\"text-align: center\"><p style=\"text-align: center;\">Casta\u00f1uelas del Sur<\/p><\/p>\n\t\t\t\t<\/div>\n\t\t\t\t<\/figure><figure id=\"gallery-item-1\" class=\"gallery-item wplf-item\">\n\t\t\t\t<div class=\"gallery-icon landscape\">\n\t\t\t\t<a class=\"wplf_link\" href=\"https:\/\/juancardenas.es\/it\/\" target=\"_blank\">\n\t\t\t\t<img width=\"300\" height=\"209\" class=\"attachment-medium size-medium\" alt=\"\" style=\"box-shadow: 0 5px 10px 0 rgba(0,0,0,0.2),0 5px 15px 0 rgba(0,0,0,0.19);\" sizes=\"(max-width: 300px) 100vw, 300px\" data-src=\"https:\/\/kastagnette.com\/es\/wp-content\/uploads\/sites\/2\/wp-links-page\/httpsjuancardenasesit1733581669-300x209.jpg\" data-srcset=\"https:\/\/kastagnette.com\/es\/wp-content\/uploads\/sites\/2\/wp-links-page\/httpsjuancardenasesit1733581669-300x209.jpg 300w, https:\/\/kastagnette.com\/es\/wp-content\/uploads\/sites\/2\/wp-links-page\/httpsjuancardenasesit1733581669-24x17.jpg 24w, https:\/\/kastagnette.com\/es\/wp-content\/uploads\/sites\/2\/wp-links-page\/httpsjuancardenasesit1733581669-36x25.jpg 36w, https:\/\/kastagnette.com\/es\/wp-content\/uploads\/sites\/2\/wp-links-page\/httpsjuancardenasesit1733581669-48x33.jpg 48w, https:\/\/kastagnette.com\/es\/wp-content\/uploads\/sites\/2\/wp-links-page\/httpsjuancardenasesit1733581669.jpg 500w\" \/>\n\t\t\t\t<p class=\"wplf_display\" style=\"text-align: right\" ><\/p>\n\t\t\t\t<\/a><p class=\"wplf_desc\" style=\"text-align: center\"><p style=\"text-align: center;\">Soluciones IT &#8211; Internet y Multimedia<\/p><\/p>\n\t\t\t\t<\/div>\n\t\t\t\t<\/figure><figure id=\"gallery-item-2\" class=\"gallery-item wplf-item\">\n\t\t\t\t<div class=\"gallery-icon landscape\">\n\t\t\t\t<a class=\"wplf_link\" href=\"https:\/\/juancardenas.es\/es\" target=\"_blank\">\n\t\t\t\t<img width=\"300\" height=\"209\" class=\"attachment-medium size-medium\" alt=\"\" style=\"box-shadow: 0 5px 10px 0 rgba(0,0,0,0.2),0 5px 15px 0 rgba(0,0,0,0.19);\" sizes=\"(max-width: 300px) 100vw, 300px\" data-src=\"https:\/\/kastagnette.com\/es\/wp-content\/uploads\/sites\/2\/wp-links-page\/httpsjuancardenases1623675569-300x209.jpg\" data-srcset=\"https:\/\/kastagnette.com\/es\/wp-content\/uploads\/sites\/2\/wp-links-page\/httpsjuancardenases1623675569-300x209.jpg 300w, https:\/\/kastagnette.com\/es\/wp-content\/uploads\/sites\/2\/wp-links-page\/httpsjuancardenases1623675569-24x17.jpg 24w, https:\/\/kastagnette.com\/es\/wp-content\/uploads\/sites\/2\/wp-links-page\/httpsjuancardenases1623675569-36x25.jpg 36w, https:\/\/kastagnette.com\/es\/wp-content\/uploads\/sites\/2\/wp-links-page\/httpsjuancardenases1623675569-48x33.jpg 48w, https:\/\/kastagnette.com\/es\/wp-content\/uploads\/sites\/2\/wp-links-page\/httpsjuancardenases1623675569.jpg 500w\" \/>\n\t\t\t\t<p class=\"wplf_display\" style=\"text-align: right\" ><\/p>\n\t\t\t\t<\/a><p class=\"wplf_desc\" style=\"text-align: center\"><p style=\"text-align: center;\">Juan C\u00e1rdenas &#8211; Cantaor Flamenco<\/p><\/p>\n\t\t\t\t<\/div>\n\t\t\t\t<\/figure><figure id=\"gallery-item-3\" class=\"gallery-item wplf-item\">\n\t\t\t\t<div class=\"gallery-icon landscape\">\n\t\t\t\t<a class=\"wplf_link\" href=\"https:\/\/www.boileau-music.com\/es\/\" target=\"_blank\">\n\t\t\t\t<img loading=\"lazy\" width=\"300\" height=\"209\" class=\"attachment-medium size-medium\" alt=\"\" style=\"box-shadow: 0 5px 10px 0 rgba(0,0,0,0.2),0 5px 15px 0 rgba(0,0,0,0.19);\" sizes=\"(max-width: 300px) 100vw, 300px\" data-src=\"https:\/\/kastagnette.com\/es\/wp-content\/uploads\/sites\/2\/2021\/06\/Boileau2.jpg\" data-srcset=\"https:\/\/kastagnette.com\/es\/wp-content\/uploads\/sites\/2\/2021\/06\/Boileau2.jpg 300w, https:\/\/kastagnette.com\/es\/wp-content\/uploads\/sites\/2\/2021\/06\/Boileau2-24x17.jpg 24w, https:\/\/kastagnette.com\/es\/wp-content\/uploads\/sites\/2\/2021\/06\/Boileau2-36x25.jpg 36w, https:\/\/kastagnette.com\/es\/wp-content\/uploads\/sites\/2\/2021\/06\/Boileau2-48x33.jpg 48w\" \/>\n\t\t\t\t<p class=\"wplf_display\" style=\"text-align: right\" ><\/p>\n\t\t\t\t<\/a><p class=\"wplf_desc\" style=\"text-align: center\"><p style=\"text-align: center;\">Boileau &#8211; Editorial de m\u00fasica<\/p><\/p>\n\t\t\t\t<\/div>\n\t\t\t\t<\/figure><figure id=\"gallery-item-4\" class=\"gallery-item wplf-item\">\n\t\t\t\t<div class=\"gallery-icon landscape\">\n\t\t\t\t<a class=\"wplf_link\" href=\"https:\/\/www.tocscastanyoles.com\/indice.htm\" target=\"_blank\">\n\t\t\t\t<img loading=\"lazy\" width=\"300\" height=\"209\" class=\"attachment-medium size-medium\" alt=\"\" style=\"box-shadow: 0 5px 10px 0 rgba(0,0,0,0.2),0 5px 15px 0 rgba(0,0,0,0.19);\" sizes=\"(max-width: 300px) 100vw, 300px\" data-src=\"https:\/\/kastagnette.com\/es\/wp-content\/uploads\/sites\/2\/wp-links-page\/httpswwwtocscastanyolescomindicehtm1623675957-300x209.jpg\" data-srcset=\"https:\/\/kastagnette.com\/es\/wp-content\/uploads\/sites\/2\/wp-links-page\/httpswwwtocscastanyolescomindicehtm1623675957-300x209.jpg 300w, https:\/\/kastagnette.com\/es\/wp-content\/uploads\/sites\/2\/wp-links-page\/httpswwwtocscastanyolescomindicehtm1623675957-24x17.jpg 24w, https:\/\/kastagnette.com\/es\/wp-content\/uploads\/sites\/2\/wp-links-page\/httpswwwtocscastanyolescomindicehtm1623675957-36x25.jpg 36w, https:\/\/kastagnette.com\/es\/wp-content\/uploads\/sites\/2\/wp-links-page\/httpswwwtocscastanyolescomindicehtm1623675957-48x33.jpg 48w, https:\/\/kastagnette.com\/es\/wp-content\/uploads\/sites\/2\/wp-links-page\/httpswwwtocscastanyolescomindicehtm1623675957.jpg 500w\" \/>\n\t\t\t\t<p class=\"wplf_display\" style=\"text-align: right\" ><\/p>\n\t\t\t\t<\/a><p class=\"wplf_desc\" style=\"text-align: center\"><p style=\"text-align: center;\">TOCS \u2013 Coro de Casta\u00f1uelas Emma Maleras<\/p><\/p>\n\t\t\t\t<\/div>\n\t\t\t\t<\/figure><figure id=\"gallery-item-5\" class=\"gallery-item wplf-item\">\n\t\t\t\t<div class=\"gallery-icon landscape\">\n\t\t\t\t<a class=\"wplf_link\" href=\"https:\/\/www.amparo.de\/\" target=\"_blank\">\n\t\t\t\t<img loading=\"lazy\" width=\"300\" height=\"209\" class=\"attachment-medium size-medium\" alt=\"\" style=\"box-shadow: 0 5px 10px 0 rgba(0,0,0,0.2),0 5px 15px 0 rgba(0,0,0,0.19);\" sizes=\"(max-width: 300px) 100vw, 300px\" data-src=\"https:\/\/kastagnette.com\/es\/wp-content\/uploads\/sites\/2\/wp-links-page\/httpswwwamparode1623676445-300x209.jpg\" data-srcset=\"https:\/\/kastagnette.com\/es\/wp-content\/uploads\/sites\/2\/wp-links-page\/httpswwwamparode1623676445-300x209.jpg 300w, https:\/\/kastagnette.com\/es\/wp-content\/uploads\/sites\/2\/wp-links-page\/httpswwwamparode1623676445-24x17.jpg 24w, https:\/\/kastagnette.com\/es\/wp-content\/uploads\/sites\/2\/wp-links-page\/httpswwwamparode1623676445-36x25.jpg 36w, https:\/\/kastagnette.com\/es\/wp-content\/uploads\/sites\/2\/wp-links-page\/httpswwwamparode1623676445-48x33.jpg 48w, https:\/\/kastagnette.com\/es\/wp-content\/uploads\/sites\/2\/wp-links-page\/httpswwwamparode1623676445.jpg 500w\" \/>\n\t\t\t\t<p class=\"wplf_display\" style=\"text-align: right\" ><\/p>\n\t\t\t\t<\/a><p class=\"wplf_desc\" style=\"text-align: center\"><p style=\"text-align: center;\">FlamencoStudio Amparo de Triana<\/p><\/p>\n\t\t\t\t<\/div>\n\t\t\t\t<\/figure><figure id=\"gallery-item-6\" class=\"gallery-item wplf-item\">\n\t\t\t\t<div class=\"gallery-icon landscape\">\n\t\t\t\t<a class=\"wplf_link\" href=\"https:\/\/www.tanzstudio-maar.com\" target=\"_blank\">\n\t\t\t\t<img loading=\"lazy\" width=\"300\" height=\"209\" class=\"attachment-medium size-medium\" alt=\"\" style=\"box-shadow: 0 5px 10px 0 rgba(0,0,0,0.2),0 5px 15px 0 rgba(0,0,0,0.19);\" sizes=\"(max-width: 300px) 100vw, 300px\" data-src=\"https:\/\/kastagnette.com\/es\/wp-content\/uploads\/sites\/2\/wp-links-page\/httpswwwtanzstudiomaarcom1623676615-300x209.jpg\" data-srcset=\"https:\/\/kastagnette.com\/es\/wp-content\/uploads\/sites\/2\/wp-links-page\/httpswwwtanzstudiomaarcom1623676615-300x209.jpg 300w, https:\/\/kastagnette.com\/es\/wp-content\/uploads\/sites\/2\/wp-links-page\/httpswwwtanzstudiomaarcom1623676615-24x17.jpg 24w, https:\/\/kastagnette.com\/es\/wp-content\/uploads\/sites\/2\/wp-links-page\/httpswwwtanzstudiomaarcom1623676615-36x25.jpg 36w, https:\/\/kastagnette.com\/es\/wp-content\/uploads\/sites\/2\/wp-links-page\/httpswwwtanzstudiomaarcom1623676615-48x33.jpg 48w, https:\/\/kastagnette.com\/es\/wp-content\/uploads\/sites\/2\/wp-links-page\/httpswwwtanzstudiomaarcom1623676615.jpg 500w\" \/>\n\t\t\t\t<p class=\"wplf_display\" style=\"text-align: right\" ><\/p>\n\t\t\t\t<\/a><p class=\"wplf_desc\" style=\"text-align: center\"><p style=\"text-align: center;\">Teatro y estudio de baile Maar<\/p><\/p>\n\t\t\t\t<\/div>\n\t\t\t\t<\/figure><figure id=\"gallery-item-7\" class=\"gallery-item wplf-item\">\n\t\t\t\t<div class=\"gallery-icon landscape\">\n\t\t\t\t<a class=\"wplf_link\" href=\"https:\/\/www.kastagnetten.com\/\" target=\"_blank\">\n\t\t\t\t<img loading=\"lazy\" width=\"300\" height=\"209\" class=\"attachment-medium size-medium\" alt=\"\" style=\"box-shadow: 0 5px 10px 0 rgba(0,0,0,0.2),0 5px 15px 0 rgba(0,0,0,0.19);\" sizes=\"(max-width: 300px) 100vw, 300px\" data-src=\"https:\/\/kastagnette.com\/es\/wp-content\/uploads\/sites\/2\/wp-links-page\/httpwwwkastagnettencom1647681383-300x209.jpg\" data-srcset=\"https:\/\/kastagnette.com\/es\/wp-content\/uploads\/sites\/2\/wp-links-page\/httpwwwkastagnettencom1647681383-300x209.jpg 300w, https:\/\/kastagnette.com\/es\/wp-content\/uploads\/sites\/2\/wp-links-page\/httpwwwkastagnettencom1647681383-24x17.jpg 24w, https:\/\/kastagnette.com\/es\/wp-content\/uploads\/sites\/2\/wp-links-page\/httpwwwkastagnettencom1647681383-36x25.jpg 36w, https:\/\/kastagnette.com\/es\/wp-content\/uploads\/sites\/2\/wp-links-page\/httpwwwkastagnettencom1647681383-48x33.jpg 48w, https:\/\/kastagnette.com\/es\/wp-content\/uploads\/sites\/2\/wp-links-page\/httpwwwkastagnettencom1647681383.jpg 500w\" \/>\n\t\t\t\t<p class=\"wplf_display\" style=\"text-align: right\" ><\/p>\n\t\t\t\t<\/a><p class=\"wplf_desc\" style=\"text-align: center\"><p style=\"text-align: center;\">Asociaci\u00f3n internac\u00edonal de la casta\u00f1uela mus\u00edcal<\/p><\/p>\n\t\t\t\t<\/div>\n\t\t\t\t<\/figure><figure id=\"gallery-item-8\" class=\"gallery-item wplf-item\">\n\t\t\t\t<div class=\"gallery-icon landscape\">\n\t\t\t\t<a class=\"wplf_link\" href=\"http:\/\/www.diseno-c.de\" target=\"_blank\">\n\t\t\t\t<img loading=\"lazy\" width=\"300\" height=\"209\" class=\"attachment-medium size-medium\" alt=\"\" style=\"box-shadow: 0 5px 10px 0 rgba(0,0,0,0.2),0 5px 15px 0 rgba(0,0,0,0.19);\" sizes=\"(max-width: 300px) 100vw, 300px\" data-src=\"https:\/\/kastagnette.com\/es\/wp-content\/uploads\/sites\/2\/wp-links-page\/httpwwwdisenocde1623675681-300x209.jpg\" data-srcset=\"https:\/\/kastagnette.com\/es\/wp-content\/uploads\/sites\/2\/wp-links-page\/httpwwwdisenocde1623675681-300x209.jpg 300w, https:\/\/kastagnette.com\/es\/wp-content\/uploads\/sites\/2\/wp-links-page\/httpwwwdisenocde1623675681-24x17.jpg 24w, https:\/\/kastagnette.com\/es\/wp-content\/uploads\/sites\/2\/wp-links-page\/httpwwwdisenocde1623675681-36x25.jpg 36w, https:\/\/kastagnette.com\/es\/wp-content\/uploads\/sites\/2\/wp-links-page\/httpwwwdisenocde1623675681-48x33.jpg 48w, https:\/\/kastagnette.com\/es\/wp-content\/uploads\/sites\/2\/wp-links-page\/httpwwwdisenocde1623675681.jpg 500w\" \/>\n\t\t\t\t<p class=\"wplf_display\" style=\"text-align: right\" ><\/p>\n\t\t\t\t<\/a><p class=\"wplf_desc\" style=\"text-align: center\"><p style=\"text-align: center;\">Taller artesanal\u00a0 Dise\u00f1o-C<\/p><\/p>\n\t\t\t\t<\/div>\n\t\t\t\t<\/figure><\/div><div style=\"clear:both;\"><\/div>\n","protected":false},"excerpt":{"rendered":"","protected":false},"author":2,"featured_media":0,"parent":0,"menu_order":0,"comment_status":"closed","ping_status":"closed","template":"","meta":{"_acf_changed":false,"footnotes":""},"class_list":["post-2283","page","type-page","status-publish","hentry"],"acf":[],"aioseo_notices":[],"_links":{"self":[{"href":"https:\/\/kastagnette.com\/es\/wp-json\/wp\/v2\/pages\/2283","targetHints":{"allow":["GET"]}}],"collection":[{"href":"https:\/\/kastagnette.com\/es\/wp-json\/wp\/v2\/pages"}],"about":[{"href":"https:\/\/kastagnette.com\/es\/wp-json\/wp\/v2\/types\/page"}],"author":[{"embeddable":true,"href":"https:\/\/kastagnette.com\/es\/wp-json\/wp\/v2\/users\/2"}],"replies":[{"embeddable":true,"href":"https:\/\/kastagnette.com\/es\/wp-json\/wp\/v2\/comments?post=2283"}],"version-history":[{"count":2,"href":"https:\/\/kastagnette.com\/es\/wp-json\/wp\/v2\/pages\/2283\/revisions"}],"predecessor-version":[{"id":2920,"href":"https:\/\/kastagnette.com\/es\/wp-json\/wp\/v2\/pages\/2283\/revisions\/2920"}],"wp:attachment":[{"href":"https:\/\/kastagnette.com\/es\/wp-json\/wp\/v2\/media?parent=2283"}],"curies":[{"name":"wp","href":"https:\/\/api.w.org\/{rel}","templated":true}]}}