{"id":12039,"date":"2024-07-17T11:37:34","date_gmt":"2024-07-17T09:37:34","guid":{"rendered":"https:\/\/kastagnette.com\/shop\/?page_id=12039"},"modified":"2026-01-12T00:02:21","modified_gmt":"2026-01-11T23:02:21","slug":"agbs","status":"publish","type":"page","link":"https:\/\/kastagnette.com\/shop\/agbs\/","title":{"rendered":"Allgemeine Gesch\u00e4ftsbedingungen"},"content":{"rendered":"\n<p><strong>\u2799 Geltungsbereich<\/strong><br>F\u00fcr alle Bestellungen \u00fcber unseren Online-Shop gelten die nachfolgenden AGB. Unser Online-Shop richtet sich ausschlie\u00dflich an Verbraucher.<br>Verbraucher ist jede nat\u00fcrliche Person, die ein Rechtsgesch\u00e4ft zu Zwecken abschlie\u00dft, die \u00fcberwiegend weder ihrer gewerblichen noch ihrer selbst\u00e4ndigen beruflichen T\u00e4tigkeit zugerechnet werden k\u00f6nnen. Unternehmer ist eine nat\u00fcrliche oder juristische Person oder eine rechtsf\u00e4hige Personengesellschaft, die bei Abschluss eines Rechtsgesch\u00e4fts in Aus\u00fcbung ihrer gewerblichen oder selbst\u00e4ndigen beruflichen T\u00e4tigkeit handelt.<br><br><strong>\u2799 Vertragspartner, Vertragsschluss, Korrekturm\u00f6glichkeiten<\/strong><br>Der Kaufvertrag kommt zustande mit <br><strong>Amparo de Triana KonzertKastagnetten<br>Naumannstr. 12<br>D &#8211; 10829 Berlin<\/strong><br>Mit Einstellung der Produkte in den Online-Shop geben wir ein verbindliches Angebot zum Vertragsschluss \u00fcber diese Artikel ab. Sie k\u00f6nnen unsere Produkte zun\u00e4chst unverbindlich in den Warenkorb legen und Ihre Eingaben vor Absenden Ihrer verbindlichen Bestellung jederzeit korrigieren, indem Sie die hierf\u00fcr im Bestellablauf vorgesehenen und erl\u00e4uterten Korrekturhilfen nutzen. Der Vertrag kommt zustande, indem Sie durch Anklicken des Bestellbuttons das Angebot \u00fcber die im Warenkorb enthaltenen Waren annehmen. Unmittelbar nach dem Absenden der Bestellung erhalten Sie noch einmal eine Best\u00e4tigung per E-Mail.<br><br><strong>\u2799 Vertragssprache, Vertragstextspeicherung<\/strong><br>Die f\u00fcr den Vertragsschluss zur Verf\u00fcgung stehende Sprache ist Deutsch.<br><br><strong>\u2799<\/strong> Die Lieferung <strong>innerhalb Deutschlands<\/strong> erfolgt <strong>als Einwurfeinschreiben<\/strong> per DHL mit Sendungsverfolgungsnummer.<br><strong>Die Versandkosten betragen ab 7,00 \u20ac.<\/strong><br><br><strong>\u2799 <\/strong>Die <strong>Lieferung in die europ\u00e4ische Union<\/strong> (Belgien, Bulgarien, D\u00e4nemark (au\u00dfer F\u00e4r\u00f6er, Gr\u00f6nland), Estland, Finnland (au\u00dfer \u00c4landinseln), Frankreich (au\u00dfer \u00fcberseeische Gebiete und Departments), Griechenland (au\u00dfer Berg Athos), Gro\u00dfbritannien (au\u00dfer Kanalinseln), Irland, Italien (au\u00dfer Livigno und Campione d\u2019Italia), Kroatien, Lettland, Litauen, Luxemburg, Malta, Monaco, Niederlande (au\u00dfer au\u00dfereurop\u00e4ische Gebiete), \u00d6sterreich, Polen, Portugal, Rum\u00e4nien, Schweden, Slowakei, Slowenien, Spanien (au\u00dfer Kanarische Inseln, Ceuta und Melilla), Tschechische Republik, Ungarn, Zypern (au\u00dfer Nordteil)) erfolgt <strong>als Einschreiben<\/strong> per DHL mit Sendungsverfolgungsnummer.<br><strong>Die Versandkosten betragen ab 13,00 \u20ac.<\/strong><br><br><strong>\u2799 <\/strong>Die <strong>Lieferung ins au\u00dfereurop\u00e4ische Ausland <\/strong>erfolgt ebenfalls <strong>als Einschreiben<\/strong> per DHL mit Sendungsverfolgungsnummer. <strong>Die Versandkosten betragen ab 18,00 \u20ac.<\/strong><br><br><strong>\u2799 Hinweis zum Versand in Ausland<\/strong><br>Der Versand erfolgt immer aus Deutschland. Bei Lieferung ins Ausland k\u00f6nnen Z\u00f6lle, Steuern und Geb\u00fchren anfallen, die im angezeigten Grundpreis nicht enthalten sind.<br><br><strong>\u2799 Lieferzeiten<\/strong><br>Die Lieferzeiten sind, soweit nicht anders angegeben, der entsprechenden Produktbeschreibung zu entnehmen. Bei gleichzeitiger Bestellung mehrerer Artikel richtet sich die Lieferzeit der gesamten Bestellung immer nach dem Artikel mit der l\u00e4ngsten Lieferzeit. Bitte beachten Sie, dass die Lieferzeit immer ab Datum des Zahlungseinganges zu rechnen ist.<br><br><strong>\u2799 Downloadartikel<\/strong> k\u00f6nnen ohne Versandkosten direkt nach der Bezahlung online heruntergeladen werden. Sie erhalten nach der Bezahlung einen Downloadlink angezeigt und per E-Mail zugeschickt.<br><br><strong>\u2799 <\/strong>F\u00fcr die <strong>Autorisierung der E-Books<\/strong> bitte den vollen Namen angeben. Das E-Book wird Ihnen dann nach Zahlungseingang mit der Autorisierung innerhalb von 3 &#8211; 5 Tagen per E-Mail zugestellt, ebenfalls ohne Versandkosten. Die vollst\u00e4ndige oder teilweise Reproduktion der Notenb\u00e4nde sowie der Notenbl\u00e4tter der Kastagnettenstimmen, ihre \u00dcbertragung in irgendein elektronisches, mechanisches, magnetisches oder digitales Medium sowie ihre Fotokopie oder jede andere Art der Reproduktion sind ohne die Genehmigung des Inhabers der Urheberrechte verboten.<br><br><strong>\u2799 <\/strong>F\u00fcr die <strong>Autorisierung der einzelnen Partituren<\/strong> als PDF-Dateien bitte den vollen Namen angeben. Die Partitur wird Ihnen dann nach Zahlungseingang mit der Autorisierung innerhalb von 3 &#8211; 5 Tagen per E-Mail zugestellt, ebenfalls ohne Versandkosten. Die vollst\u00e4ndige oder teilweise Reproduktion der Notenbl\u00e4tter der Kastagnettenstimmen, ihre \u00dcbertragung in irgendein elektronisches, mechanisches, magnetisches oder digitales Medium sowie ihre Fotokopie oder jede andere Art der Reproduktion sind ohne die Genehmigung des Inhabers der Urheberrechte verboten.<br><br><strong>\u2799 Gedruckte Notenb\u00e4nde, USB-Sticks und CDs <\/strong>werden, wie oben angegeben als Einwurfeinschreiben per DHL versandt. Eine Lieferung an Packstationen ist\u00a0nicht\u00a0m\u00f6glich.<br><br><strong>\u2799 Zahungsbedingungen:<\/strong> in unserem Onlineshop k\u00f6nnen Sie per <strong>PayPal<\/strong> oder<strong>\u00dcberweisung<\/strong> bezahlen. Sollten Sie <strong>Barzahlung<\/strong> bevorzugen, dann setzen Sie sich bitte mit mir per E-Mail in Verbindung.<br><br><strong>\u2799 Umsatzsteuer: <\/strong>Als <strong>Kleinunternehmer gem\u00e4\u00df \u00a7 19 UStG<\/strong> bin ich von der Umsatzsteuer befreit. Alle in diesem Onlineshop genannten Preise enthalten deshalb keine Mehrwertsteuer.<\/p>\n\n\n<div class=\"woocommerce woocommerce-gzd woocommerce-gzd-complaints-shortcode\">\n\t\t\t<h3>Alternative Streitbeilegung gem\u00e4\u00df Art. 14 Abs. 1 ODR-VO und \u00a7 36 VSBG:<\/h3>\n\t\nZur Teilnahme an einem Streitbeilegungsverfahren vor einer Verbraucherschlichtungsstelle sind wir nicht verpflichtet und nicht bereit.<\/div>\n","protected":false},"excerpt":{"rendered":"<p>\u2799 GeltungsbereichF\u00fcr alle Bestellungen \u00fcber unseren Online-Shop gelten die nachfolgenden&hellip;<\/p>\n<p> <a class=\"more-link\" href=\"https:\/\/kastagnette.com\/shop\/agbs\/\">Weiterlesen<\/a><\/p>\n","protected":false},"author":1,"featured_media":0,"parent":0,"menu_order":0,"comment_status":"closed","ping_status":"closed","template":"","meta":{"footnotes":""},"class_list":["post-12039","page","type-page","status-publish"],"aioseo_notices":[],"_links":{"self":[{"href":"https:\/\/kastagnette.com\/shop\/wp-json\/wp\/v2\/pages\/12039","targetHints":{"allow":["GET"]}}],"collection":[{"href":"https:\/\/kastagnette.com\/shop\/wp-json\/wp\/v2\/pages"}],"about":[{"href":"https:\/\/kastagnette.com\/shop\/wp-json\/wp\/v2\/types\/page"}],"author":[{"embeddable":true,"href":"https:\/\/kastagnette.com\/shop\/wp-json\/wp\/v2\/users\/1"}],"replies":[{"embeddable":true,"href":"https:\/\/kastagnette.com\/shop\/wp-json\/wp\/v2\/comments?post=12039"}],"version-history":[{"count":32,"href":"https:\/\/kastagnette.com\/shop\/wp-json\/wp\/v2\/pages\/12039\/revisions"}],"predecessor-version":[{"id":12851,"href":"https:\/\/kastagnette.com\/shop\/wp-json\/wp\/v2\/pages\/12039\/revisions\/12851"}],"wp:attachment":[{"href":"https:\/\/kastagnette.com\/shop\/wp-json\/wp\/v2\/media?parent=12039"}],"curies":[{"name":"wp","href":"https:\/\/api.w.org\/{rel}","templated":true}]}}