{"id":9,"date":"2024-07-15T19:12:45","date_gmt":"2024-07-15T17:12:45","guid":{"rendered":"https:\/\/kastagnette.com\/shop\/?page_id=9"},"modified":"2024-09-13T20:27:15","modified_gmt":"2024-09-13T18:27:15","slug":"rueckerstattung_rueckgaben","status":"publish","type":"page","link":"https:\/\/kastagnette.com\/shop\/rueckerstattung_rueckgaben\/","title":{"rendered":"Widerrufsbelehrung f\u00fcr Verbraucher"},"content":{"rendered":"\n<h2 class=\"wp-block-heading\">Widerrufsrecht<\/h2>\n\n\n\n<p>Sie haben das Recht, binnen 14 Tagen ohne Angabe von Gr\u00fcnden diesen Vertrag zu widerrufen.<br>Die Widerrufsfrist betr\u00e4gt 14 Tage ab dem Tag, an dem Sie oder ein von Ihnen benannter Dritter, der nicht der Bef\u00f6rderer ist, die letzte Ware in Besitz genommen haben bzw. hat.<br>Um Ihr Widerrufsrecht auszu\u00fcben, m\u00fcssen Sie uns<\/p>\n\n\n\n<p class=\"has-text-align-center\"><br>Amparo de Triana Konzertkastagnetten<br>E-Mail-Adresse: info@kastagnette.com<br>Telefonnummer: +49 (0)30 787 056 09<\/p>\n\n\n\n<p><br>mittels einer eindeutigen Erkl\u00e4rung (z.\u00a0B. ein mit der Post versandter Brief oder eine E-Mail) \u00fcber Ihren Entschluss, diesen Vertrag zu widerrufen, informieren. Sie k\u00f6nnen daf\u00fcr das beigef\u00fcgte Muster-Widerrufsformular verwenden, das jedoch nicht vorgeschrieben ist.<br>Zur Wahrung der Widerrufsfrist reicht es aus, dass Sie die Mitteilung \u00fcber die Aus\u00fcbung des Widerrufsrechts vor Ablauf der Widerrufsfrist absenden.<\/p>\n\n\n\n<h2 class=\"wp-block-heading\">Folgen des Widerrufs<\/h2>\n\n\n\n<p>Wenn Sie diesen Vertrag widerrufen, haben wir Ihnen alle Zahlungen, die wir von Ihnen erhalten haben, einschlie\u00dflich der Lieferkosten (mit Ausnahme der zus\u00e4tzlichen Kosten, die sich daraus ergeben, dass Sie eine andere Art der Lieferung als die von uns angebotene, g\u00fcnstigste Standardlieferung gew\u00e4hlt haben), unverz\u00fcglich und sp\u00e4testens binnen vierzehn Tagen ab dem Tag zur\u00fcckzuzahlen, an dem die Mitteilung \u00fcber Ihren Widerruf dieses Vertrags bei uns eingegangen ist. F\u00fcr diese R\u00fcckzahlung verwenden wir dasselbe Zahlungsmittel, das Sie bei der urspr\u00fcnglichen Transaktion eingesetzt haben, es sei denn, mit Ihnen wurde ausdr\u00fccklich etwas anderes vereinbart; in keinem Fall werden Ihnen wegen dieser R\u00fcckzahlung Entgelte berechnet.<br>Wir k\u00f6nnen die R\u00fcckzahlung verweigern, bis wir die Waren wieder zur\u00fcckerhalten haben oder bis Sie den Nachweis erbracht haben, dass Sie die Waren zur\u00fcckgesandt haben, je nachdem, welches der fr\u00fchere Zeitpunkt ist.<br>Sie haben die Waren unverz\u00fcglich und in jedem Fall sp\u00e4testens binnen vierzehn Tagen ab dem Tag, an dem Sie uns \u00fcber den Widerruf dieses Vertrags unterrichten, an uns zur\u00fcckzusenden oder zu \u00fcbergeben. Die Frist ist gewahrt, wenn Sie die Waren vor Ablauf der Frist von vierzehn Tagen absenden.<br>Sie tragen die unmittelbaren Kosten der R\u00fccksendung der Waren.<br>Sie m\u00fcssen f\u00fcr einen etwaigen Wertverlust der Waren nur aufkommen, wenn dieser Wertverlust auf einen zur Pr\u00fcfung der Beschaffenheit, Eigenschaften und Funktionsweise der Waren nicht notwendigen Umgang mit ihnen zur\u00fcckzuf\u00fchren ist.<\/p>\n\n\n\n<h2 class=\"wp-block-heading\">Ausschluss bzw. vorzeitiges Erl\u00f6schen des Widerrufsrechts<\/h2>\n\n\n\n<p>Das Widerrufsrecht erlischt vorzeitig bei Vertr\u00e4gen zur Lieferung von Ton- oder Videoaufnahmen oder Computersoftware in einer versiegelten Packung, wenn die Versiegelung nach der Lieferung entfernt wurde.<br>Das Widerrufsrecht erlischt vorzeitig, wenn wir mit der Ausf\u00fchrung des Vertrages erst begonnen haben, nachdem Sie dazu Ihre ausdr\u00fcckliche Zustimmung gegeben und gleichzeitig Ihre Kenntnis davon best\u00e4tigt haben, dass Sie Ihr Widerrufsrecht mit Beginn der Vertragserf\u00fcllung unsererseits verlieren sowie wir Ihnen den Inhalt Ihrer Erkl\u00e4rung innerhalb einer angemessenen Frist nach Vertragsschluss, sp\u00e4testens jedoch bei der Lieferung der Ware oder bevor mit der Ausf\u00fchrung der Dienstleistung begonnen wird, auf einem dauerhaften Datentr\u00e4ger zur Verf\u00fcgung gestellt haben. Wir weisen darauf hin, dass wir den Vertragsschluss von der vorgenannten Zustimmung und Best\u00e4tigung abh\u00e4ngig machen k\u00f6nnen.<\/p>\n\n\n\n<h2 class=\"wp-block-heading\">Bei digitalen Produkten besteht nach Paragraf \u00a7 356 Absatz 5 BGB kein Recht auf R\u00fcckgabe oder Umtausch.<\/h2>\n\n\n\n<p>Bei einem Vertrag \u00fcber die Lieferung von digitalen Inhalten, die sich nicht auf einem k\u00f6rperlichen Datentr\u00e4ger befinden ( Download von Software, Audiodateien, eBook-Kauf etc.), erlischt das Widerrufsrecht vorzeitig, wenn der Anbieter mit dem Download begonnen hat und der Verbraucher diesem ausdr\u00fccklich zugestimmt hat. Au\u00dferdem muss er seine Kenntnis davon best\u00e4tigt haben, dass er mit dem Beginn der Vertragsausf\u00fchrung sein Widerrufsrecht verliert.<\/p>\n\n\n\n<div class=\"wp-block-buttons is-content-justification-center is-layout-flex wp-container-core-buttons-is-layout-16018d1d wp-block-buttons-is-layout-flex\">\n<div class=\"wp-block-button has-custom-font-size is-style-outline has-medium-font-size is-style-outline--1\"><a class=\"wp-block-button__link wp-element-button\" href=\"https:\/\/kastagnette.com\/wp-content\/uploads\/2024\/08\/Widerrufsformular.pdf\" style=\"border-radius:100px\"><mark style=\"background-color:#ffffff\" class=\"has-inline-color has-black-color\">Muster-Widerrufsformular<\/mark><\/a><\/div>\n<\/div>\n\n\n\n<p><\/p>\n\n\n\n<p><a href=\"https:\/\/datenschutz-generator.de\/\" data-type=\"link\" data-id=\"https:\/\/datenschutz-generator.de\/\" target=\"_blank\" rel=\"noreferrer noopener\">Erstellt mit dem Datenschutz-Generator.de von Dr. Thomas Schwenke<\/a><\/p>\n\n<div class=\"woocommerce woocommerce-gzd woocommerce-gzd-complaints-shortcode\">\n\t\t\t<h3>Alternative Streitbeilegung gem\u00e4\u00df Art. 14 Abs. 1 ODR-VO und \u00a7 36 VSBG:<\/h3>\n\t\nZur Teilnahme an einem Streitbeilegungsverfahren vor einer Verbraucherschlichtungsstelle sind wir nicht verpflichtet und nicht bereit.<\/div>\n","protected":false},"excerpt":{"rendered":"<p>Widerrufsrecht Sie haben das Recht, binnen 14 Tagen ohne Angabe&hellip;<\/p>\n<p> <a class=\"more-link\" href=\"https:\/\/kastagnette.com\/shop\/rueckerstattung_rueckgaben\/\">Weiterlesen<\/a><\/p>\n","protected":false},"author":2,"featured_media":0,"parent":0,"menu_order":0,"comment_status":"closed","ping_status":"closed","template":"","meta":{"footnotes":""},"class_list":["post-9","page","type-page","status-publish"],"aioseo_notices":[],"_links":{"self":[{"href":"https:\/\/kastagnette.com\/shop\/wp-json\/wp\/v2\/pages\/9","targetHints":{"allow":["GET"]}}],"collection":[{"href":"https:\/\/kastagnette.com\/shop\/wp-json\/wp\/v2\/pages"}],"about":[{"href":"https:\/\/kastagnette.com\/shop\/wp-json\/wp\/v2\/types\/page"}],"author":[{"embeddable":true,"href":"https:\/\/kastagnette.com\/shop\/wp-json\/wp\/v2\/users\/2"}],"replies":[{"embeddable":true,"href":"https:\/\/kastagnette.com\/shop\/wp-json\/wp\/v2\/comments?post=9"}],"version-history":[{"count":12,"href":"https:\/\/kastagnette.com\/shop\/wp-json\/wp\/v2\/pages\/9\/revisions"}],"predecessor-version":[{"id":12576,"href":"https:\/\/kastagnette.com\/shop\/wp-json\/wp\/v2\/pages\/9\/revisions\/12576"}],"wp:attachment":[{"href":"https:\/\/kastagnette.com\/shop\/wp-json\/wp\/v2\/media?parent=9"}],"curies":[{"name":"wp","href":"https:\/\/api.w.org\/{rel}","templated":true}]}}