{"id":12101,"date":"2025-07-03T21:00:17","date_gmt":"2025-07-03T19:00:17","guid":{"rendered":"https:\/\/kastagnette.com\/shop\/?post_type=product&#038;p=12101"},"modified":"2026-01-29T21:38:47","modified_gmt":"2026-01-29T20:38:47","slug":"concert-castanets-vii","status":"publish","type":"product","link":"https:\/\/kastagnette.com\/shop\/produkt\/concert-castanets-vii\/","title":{"rendered":"Concert Castanets VII"},"content":{"rendered":"\r\n<h3>Concert Castanets VII: Shostakovich T\u00e4nze der Puppen<\/h3>\r\n<p>7\u00a0 Kastagnettenstimmen Solo &#8211; Niveau ab guter Mittelstufe bis Fortgeschrittene<\/p>\r\n\r\n\r\n\r\n\r\n\r\n<p>Hier ein <strong>Auszug aus dem Vorwort<\/strong>: Dmitri Dmitriyevich Shostakovich lebte von 1906 bis 1975, war Pianist und Klavierp\u00e4dagoge und neben Igor Strawinsky (1882-1971), Sergei Prokofiev (1891-1953), Sergei Rachmaninov (1873-1943) und Alexander Skrjabin (1872-1915) einer der bedeutendsten russischen Komponisten des 20. Jahrhunderts. Besonders bekannt sind seine Jazz-Suiten. <br \/>Diese bezaubernden 7 T\u00e4nze sind eine Folge von Miniaturen, die 1952 f\u00fcr junge Klaviersch\u00fcler geschrieben wurden. Urspr\u00fcnglich waren diese St\u00fccke bereits in Schostakowitschs verschiedenen Ballettsuiten enthalten. Nur das letzte St\u00fcck, der Tanz, wurde f\u00fcr diese Suite neu komponiert.<br \/>Auf der Suche nach neuen St\u00fccken f\u00fcr Konzertkastagnetten stie\u00df ich auf den Lyrischen Walzer, Nummer 1 dieser Suite, eine dieser wunderbaren Kompositionen.<\/p>\r\n<p>F\u00fcr die Begleitmusik finden Sie eine Playlist in meinem <em><a title=\"\" href=\"https:\/\/www.youtube.com\/@amparodetriana\" target=\"_blank\" rel=\"noopener\">Youtube Account<\/a><\/em>.<\/p>\r\n<p>1. Auflage als E-Book. \u00dcbersetzung der englischen Texte ins Spanische und Deutsche auf Anfrage erh\u00e4ltlich.<strong><br \/><\/strong><\/p>\r\n<p>Auf Anfrage per <em><a href=\"https:\/\/kastagnette.com\/shop\/contact\/\" target=\"_blank\" rel=\"noopener\">E-Mail<\/a><\/em> k\u00f6nnen Sie zu Ihrem autorisierten E-Book einen ebenso autorisierten Ausdruck als Loseblattsammlung bestellen. Die zus\u00e4tzlichen Kosten werden anhand der Seitenanzahl berechnet und liegen f\u00fcr diesen Band bei 3,00 \u20ac zzgl. Versandkosten, wie in unseren AGB festgelegt.<\/p>\r\n<p><em>F\u00fcr die Autorisierung des E-Books bitte Namen und Vornamen angeben. Bitte beachten Sie bei der Bestellung, dass E-Books aus urheberrechtlichen Gr\u00fcnden nicht ausgedruckt werden k\u00f6nnen und sie d\u00fcrfen auch nicht kopiert werden. Ebenso ist das Kopieren oder die anderweitige Vervielf\u00e4ltigung des Ausdrucks als Loseblattsammlung nicht gestattet.<\/em><\/p>\r\n<p>Die Partituren meiner zahlreichen Notenb\u00e4nde k\u00f6nnen \u2013 mit wenigen Ausnahmen \u2013 auch einzeln als PDF bestellt werden. Eine <a href=\"https:\/\/kastagnette.com\/shop\/wp-content\/uploads\/sites\/6\/2025\/07\/Titelliste_CC_VII.pdf\" target=\"_blank\" rel=\"noopener\"><em>L<\/em><em>iste der <\/em><em>Partituren dieses Notenbandes <\/em><\/a>mit den jeweiligen Preisen finden Sie hier. Wenn Sie Interesse haben, schicken sie uns einfach <a href=\"https:\/\/kastagnette.com\/shop\/contact\/\" target=\"_blank\" rel=\"noopener\"><em>eine E-Mail<\/em><\/a> mit der Angabe, welcher Titel aus diesem Notenband Sie interessiert.<\/p>\r\n","protected":false},"excerpt":{"rendered":"<p>Dmitri Shostakovich Suite T\u00e4nze der Puppen:<br \/>7 Kastagnettenstimmen Solo als E-Book <br \/>Niveau ab guter Mittelstufe bis Fortgeschrittene<\/p>\n<p>19 Seiten<\/p>\n<p> <a class=\"more-link\" href=\"https:\/\/kastagnette.com\/shop\/produkt\/concert-castanets-vii\/\">Weiterlesen<\/a><\/p>","protected":false},"featured_media":12422,"comment_status":"closed","ping_status":"closed","template":"","meta":[],"product_brand":[],"product_cat":[23,17],"product_tag":[24,19,20],"class_list":{"0":"post-12101","1":"product","2":"type-product","3":"status-publish","4":"has-post-thumbnail","6":"product_cat-e-book","7":"product_cat-noten","8":"product_tag-ebook","9":"product_tag-kastagnettennoten","10":"product_tag-noten","11":"pa_noten-ebook","13":"first","14":"instock","15":"virtual","16":"sold-individually","17":"purchasable","18":"product-type-simple"},"aioseo_notices":[],"_links":{"self":[{"href":"https:\/\/kastagnette.com\/shop\/wp-json\/wp\/v2\/product\/12101","targetHints":{"allow":["GET"]}}],"collection":[{"href":"https:\/\/kastagnette.com\/shop\/wp-json\/wp\/v2\/product"}],"about":[{"href":"https:\/\/kastagnette.com\/shop\/wp-json\/wp\/v2\/types\/product"}],"replies":[{"embeddable":true,"href":"https:\/\/kastagnette.com\/shop\/wp-json\/wp\/v2\/comments?post=12101"}],"wp:featuredmedia":[{"embeddable":true,"href":"https:\/\/kastagnette.com\/shop\/wp-json\/wp\/v2\/media\/12422"}],"wp:attachment":[{"href":"https:\/\/kastagnette.com\/shop\/wp-json\/wp\/v2\/media?parent=12101"}],"wp:term":[{"taxonomy":"product_brand","embeddable":true,"href":"https:\/\/kastagnette.com\/shop\/wp-json\/wp\/v2\/product_brand?post=12101"},{"taxonomy":"product_cat","embeddable":true,"href":"https:\/\/kastagnette.com\/shop\/wp-json\/wp\/v2\/product_cat?post=12101"},{"taxonomy":"product_tag","embeddable":true,"href":"https:\/\/kastagnette.com\/shop\/wp-json\/wp\/v2\/product_tag?post=12101"}],"curies":[{"name":"wp","href":"https:\/\/api.w.org\/{rel}","templated":true}]}}