{"id":12126,"date":"2026-01-19T20:00:30","date_gmt":"2026-01-19T19:00:30","guid":{"rendered":"https:\/\/kastagnette.com\/shop\/?post_type=product&#038;p=12126"},"modified":"2026-02-11T00:45:11","modified_gmt":"2026-02-10T23:45:11","slug":"concert-castanets-ix","status":"publish","type":"product","link":"https:\/\/kastagnette.com\/shop\/produkt\/concert-castanets-ix\/","title":{"rendered":"Concert Castanets IX"},"content":{"rendered":"\r\n<h3>Concert Castanets IX: virtuose Kastagnettenpartituren<\/h3>\r\n<p>12 Kastagnettenstimmen Solo und ein Kastagnettenduo f\u00fcr virtuose Kastagnettenspieler<\/p>\r\n\r\n\r\n\r\n\r\n\r\n<p>Dieser Band IX der Reihe Konzertkastagnetten enth\u00e4lt virtuose St\u00fccke zu Musik von D. Scarlatti, J.S. Bach, E. Grieg, F. Chopin, W.A. Mozart, M. de Falla, L. Boccherini, A. Khachaturian und mein Solo f\u00fcr Konzertkastagnetten &#8216;Wooden Sound&#8217;. Dies sind meine absoluten Lieblingsst\u00fccke, die zu meinem Konzertrepertoire geh\u00f6ren.<\/p>\r\n<p>F\u00fcr die Begleitmusik finden Sie eine Playlist in meinem <em><a title=\"\" href=\"https:\/\/www.youtube.com\/@amparodetriana\" target=\"_blank\" rel=\"noopener\">Youtube Account<\/a><\/em>.<\/p>\r\n<p>1. Auflage als E-Book. \u00dcbersetzung der englischen Texte ins Spanische und Deutsche auf Anfrage erh\u00e4ltlich.<strong><br \/><\/strong><\/p>\r\n<p>Auf Anfrage per <em><a href=\"https:\/\/kastagnette.com\/shop\/contact\/\" target=\"_blank\" rel=\"noopener\">E-Mail<\/a><\/em> k\u00f6nnen Sie zu Ihrem autorisierten E-Book einen ebenso autorisierten Ausdruck als Loseblattsammlung bestellen. Die zus\u00e4tzlichen Kosten werden anhand der Seitenanzahl berechnet und liegen f\u00fcr diesen Band bei 6,00 \u20ac zzgl. Versandkosten, wie in unseren AGB festgelegt.<\/p>\r\n<p><em>F\u00fcr die Autorisierung des E-Books bitte Namen und Vornamen angeben. Bitte beachten Sie bei der Bestellung, dass E-Books aus urheberrechtlichen Gr\u00fcnden nicht ausgedruckt werden k\u00f6nnen und sie d\u00fcrfen auch nicht kopiert werden. Ebenso ist das Kopieren oder die anderweitige Vervielf\u00e4ltigung des Ausdrucks als Loseblattsammlung nicht gestattet.<\/em><\/p>\r\n<p>Die Partituren meiner zahlreichen Notenb\u00e4nde k\u00f6nnen \u2013 mit wenigen Ausnahmen \u2013 auch einzeln als PDF bestellt werden. Eine <a href=\"https:\/\/kastagnette.com\/shop\/wp-content\/uploads\/sites\/6\/2025\/07\/Titelliste_CC_IX.pdf\" target=\"_blank\" rel=\"noopener\">L<em>iste der <\/em><em>Partituren dieses Notenbandes <\/em><\/a>mit den jeweiligen Preisen finden Sie hier. Wenn Sie Interesse haben, schicken sie uns einfach <a href=\"https:\/\/kastagnette.com\/shop\/contact\/\" target=\"_blank\" rel=\"noopener\"><em>eine E-Mail<\/em><\/a> mit der Angabe, welcher Titel aus diesem Notenband Sie interessiert.<\/p>\r\n","protected":false},"excerpt":{"rendered":"<p>Virtuose Kastagnettenpartituren: <br \/>12 Kastagnettenstimmen Solo und ein Kastagnettenduo als E-Book<\/p>\n<p>63 Seiten<\/p>\n<p> <a class=\"more-link\" href=\"https:\/\/kastagnette.com\/shop\/produkt\/concert-castanets-ix\/\">Weiterlesen<\/a><\/p>","protected":false},"featured_media":12409,"comment_status":"closed","ping_status":"closed","template":"","meta":[],"product_brand":[],"product_cat":[23,17],"product_tag":[24,19,20],"class_list":{"0":"post-12126","1":"product","2":"type-product","3":"status-publish","4":"has-post-thumbnail","6":"product_cat-e-book","7":"product_cat-noten","8":"product_tag-ebook","9":"product_tag-kastagnettennoten","10":"product_tag-noten","11":"pa_noten-ebook","13":"first","14":"instock","15":"featured","16":"virtual","17":"sold-individually","18":"purchasable","19":"product-type-simple"},"aioseo_notices":[],"_links":{"self":[{"href":"https:\/\/kastagnette.com\/shop\/wp-json\/wp\/v2\/product\/12126","targetHints":{"allow":["GET"]}}],"collection":[{"href":"https:\/\/kastagnette.com\/shop\/wp-json\/wp\/v2\/product"}],"about":[{"href":"https:\/\/kastagnette.com\/shop\/wp-json\/wp\/v2\/types\/product"}],"replies":[{"embeddable":true,"href":"https:\/\/kastagnette.com\/shop\/wp-json\/wp\/v2\/comments?post=12126"}],"wp:featuredmedia":[{"embeddable":true,"href":"https:\/\/kastagnette.com\/shop\/wp-json\/wp\/v2\/media\/12409"}],"wp:attachment":[{"href":"https:\/\/kastagnette.com\/shop\/wp-json\/wp\/v2\/media?parent=12126"}],"wp:term":[{"taxonomy":"product_brand","embeddable":true,"href":"https:\/\/kastagnette.com\/shop\/wp-json\/wp\/v2\/product_brand?post=12126"},{"taxonomy":"product_cat","embeddable":true,"href":"https:\/\/kastagnette.com\/shop\/wp-json\/wp\/v2\/product_cat?post=12126"},{"taxonomy":"product_tag","embeddable":true,"href":"https:\/\/kastagnette.com\/shop\/wp-json\/wp\/v2\/product_tag?post=12126"}],"curies":[{"name":"wp","href":"https:\/\/api.w.org\/{rel}","templated":true}]}}