{"id":12137,"date":"2025-07-02T17:00:56","date_gmt":"2025-07-02T15:00:56","guid":{"rendered":"https:\/\/kastagnette.com\/shop\/?post_type=product&#038;p=12137"},"modified":"2026-01-29T21:36:44","modified_gmt":"2026-01-29T20:36:44","slug":"concert-castanets-viii","status":"publish","type":"product","link":"https:\/\/kastagnette.com\/shop\/produkt\/concert-castanets-viii\/","title":{"rendered":"Concert Castanets VIII"},"content":{"rendered":"\r\n<h3>Concert Castanets VIII: Kammermusik f\u00fcr Konzertkastagnetten<\/h3>\r\n<p>In zwei B\u00e4nden: Solos und mehrstimmige Kastagnettenpartituren: in <strong>Band 1 (S f\u00fcr Scores) alle 27 Partituren<\/strong> und in <strong>Band 2 (P f\u00fcr Parts) die Stimmausz\u00fcge<\/strong> der mehrstimmigen St\u00fccke. Niveau ab guter Mittelstufe<\/p>\r\n<p>\r\n\r\n\r\n\r\n<\/p>\r\n<p>In diesem Volume VIII der Reihe Konzertkastagnetten sind einige der Kastagnettenpartituren zusammengestellt, die ich f\u00fcr das Kammermusikensemble &#8216;Ensemble Kr\u00f3talo&#8217; geschrieben habe. Sie finden hier ein- und mehrstimmige Kastagnettenpartituren zu Kompositionen von J.S. Bach, G.F. H\u00e4ndel, W. Mozert, M. Clementi, E. Satie, A. Khachaturian, F. Schubert, G. Gershwin und E. Grieg. Die mehrstimmigen St\u00fccke sind sehr filigran geschrieben und darum nicht geeignet f\u00fcr einen Kastagnettenchor,\u00a0 jede Stimme sollte nur von einem Kastagnettenspieler gespielt werden.<\/p>\r\n<p>F\u00fcr die Begleitmusik finden Sie eine Playlist in meinem <em><a title=\"\" href=\"https:\/\/www.youtube.com\/@amparodetriana\" target=\"_blank\" rel=\"noopener\">Youtube Account<\/a><\/em>.<\/p>\r\n<p>Band S &#8211; Scores: Kastagnettenpartituren<br \/>Band P &#8211; Parts: Stimmausz\u00fcge der mehrstimmigen St\u00fccke<\/p>\r\n<p>1. Auflage als E-Books. \u00dcbersetzung der englischen Texte ins Spanische und Deutsche auf Anfrage erh\u00e4ltlich.<strong><br \/><\/strong><\/p>\r\n<p>Auf Anfrage per <em><a href=\"https:\/\/kastagnette.com\/shop\/contact\/\" target=\"_blank\" rel=\"noopener\">E-Mail<\/a><\/em> k\u00f6nnen Sie zu Ihrem autorisierten E-Book einen ebenso autorisierten Ausdruck als Loseblattsammlung bestellen. Die zus\u00e4tzlichen Kosten werden anhand der Seitenanzahl berechnet und liegen f\u00fcr diese beiden B\u00e4nde bei 13,00 \u20ac zzgl. Versandkosten, wie in unseren AGB festgelegt.<\/p>\r\n<p><em>F\u00fcr die Autorisierung des E-Books bitte Namen und Vornamen angeben. Bitte beachten Sie bei der Bestellung, dass E-Books aus urheberrechtlichen Gr\u00fcnden nicht ausgedruckt werden k\u00f6nnen und sie d\u00fcrfen auch nicht kopiert werden. Ebenso ist das Kopieren oder die anderweitige Vervielf\u00e4ltigung des Ausdrucks als Loseblattsammlung nicht gestattet.<\/em><\/p>\r\n<p>Die Partituren meiner zahlreichen Notenb\u00e4nde k\u00f6nnen \u2013 mit wenigen Ausnahmen \u2013 auch einzeln als PDF bestellt werden. Eine <a href=\"https:\/\/kastagnette.com\/shop\/wp-content\/uploads\/sites\/6\/2025\/07\/Titelliste_CC_VIII.pdf\" target=\"_blank\" rel=\"noopener\"><em>L<\/em><em>iste der <\/em><em>Partituren dieses Notenbandes <\/em><\/a>mit den jeweiligen Preisen finden Sie hier. Wenn Sie Interesse haben, schicken sie uns einfach <a href=\"https:\/\/kastagnette.com\/shop\/contact\/\" target=\"_blank\" rel=\"noopener\"><em>eine E-Mail<\/em><\/a> mit der Angabe, welcher Titel aus diesem Notenband Sie interessiert.<\/p>\r\n","protected":false},"excerpt":{"rendered":"<p>Kammermusik f\u00fcr Konzertkastagnetten in 2 Notenb\u00e4nden<br \/>Niveau ab guter Mittelstufe<\/p>\n<p>71 Seiten Partituren &amp; 63 Seiten Stimmausz\u00fcge<\/p>\n<p> <a class=\"more-link\" href=\"https:\/\/kastagnette.com\/shop\/produkt\/concert-castanets-viii\/\">Weiterlesen<\/a><\/p>","protected":false},"featured_media":12415,"comment_status":"closed","ping_status":"closed","template":"","meta":[],"product_brand":[],"product_cat":[23,17],"product_tag":[24,19,20],"class_list":{"0":"post-12137","1":"product","2":"type-product","3":"status-publish","4":"has-post-thumbnail","6":"product_cat-e-book","7":"product_cat-noten","8":"product_tag-ebook","9":"product_tag-kastagnettennoten","10":"product_tag-noten","11":"pa_noten-ebook","13":"first","14":"instock","15":"featured","16":"virtual","17":"sold-individually","18":"purchasable","19":"product-type-simple"},"aioseo_notices":[],"_links":{"self":[{"href":"https:\/\/kastagnette.com\/shop\/wp-json\/wp\/v2\/product\/12137","targetHints":{"allow":["GET"]}}],"collection":[{"href":"https:\/\/kastagnette.com\/shop\/wp-json\/wp\/v2\/product"}],"about":[{"href":"https:\/\/kastagnette.com\/shop\/wp-json\/wp\/v2\/types\/product"}],"replies":[{"embeddable":true,"href":"https:\/\/kastagnette.com\/shop\/wp-json\/wp\/v2\/comments?post=12137"}],"wp:featuredmedia":[{"embeddable":true,"href":"https:\/\/kastagnette.com\/shop\/wp-json\/wp\/v2\/media\/12415"}],"wp:attachment":[{"href":"https:\/\/kastagnette.com\/shop\/wp-json\/wp\/v2\/media?parent=12137"}],"wp:term":[{"taxonomy":"product_brand","embeddable":true,"href":"https:\/\/kastagnette.com\/shop\/wp-json\/wp\/v2\/product_brand?post=12137"},{"taxonomy":"product_cat","embeddable":true,"href":"https:\/\/kastagnette.com\/shop\/wp-json\/wp\/v2\/product_cat?post=12137"},{"taxonomy":"product_tag","embeddable":true,"href":"https:\/\/kastagnette.com\/shop\/wp-json\/wp\/v2\/product_tag?post=12137"}],"curies":[{"name":"wp","href":"https:\/\/api.w.org\/{rel}","templated":true}]}}