{"id":12359,"date":"2024-08-15T16:25:51","date_gmt":"2024-08-15T14:25:51","guid":{"rendered":"https:\/\/kastagnette.com\/shop\/?post_type=product&#038;p=12359"},"modified":"2026-01-19T20:19:11","modified_gmt":"2026-01-19T19:19:11","slug":"partituren-gratis-ii","status":"publish","type":"product","link":"https:\/\/kastagnette.com\/shop\/produkt\/partituren-gratis-ii\/","title":{"rendered":"Partituren GRATIS II"},"content":{"rendered":"<h3>Kastagnettenpartituren gratis<\/h3>\n<p>Hier ein weiteres St\u00fcck als <strong>kostenlosen Notendownload<\/strong>:<\/p>\n<div class=\"page\" title=\"Page 1\">\n<div class=\"layoutArea\">\n<div class=\"column\">\n<p><strong>Rameau Rondino 2stimmig<\/strong><\/p>\n<\/div>\n<\/div>\n<\/div>\n<p>Dies ist ein wunderh\u00fcbsches kleines Rondino. Die Kastagnettenpartitur habe ich als zweistimmige Partitur geschrieben, aber man kann jede Stimme f\u00fcr sich auch als Solo spielen.<\/p>\n<p>Kastagnettenpartitur von Amparo de Triana. Die erste Stimme f\u00fcr Mittelstufe, die zweite Stimme f\u00fcr Anf\u00e4nger mit Vorkenntnissen.<\/p>\n<p>Viel Freude beim \u00dcben und Spielen Eure Amparo<\/p>\n","protected":false},"excerpt":{"rendered":"<p>Kastagnettenpartitur zum Ausprobieren<\/p>\n<p> <a class=\"more-link\" href=\"https:\/\/kastagnette.com\/shop\/produkt\/partituren-gratis-ii\/\">Weiterlesen<\/a><\/p>","protected":false},"featured_media":12364,"comment_status":"closed","ping_status":"closed","template":"","meta":[],"product_brand":[],"product_cat":[17,35],"product_tag":[80,81,19,20],"class_list":{"0":"post-12359","1":"product","2":"type-product","3":"status-publish","4":"has-post-thumbnail","6":"product_cat-noten","7":"product_cat-notenblatt","8":"product_tag-aktion","9":"product_tag-gratis","10":"product_tag-kastagnettennoten","11":"product_tag-noten","13":"first","14":"instock","15":"sale","16":"downloadable","17":"virtual","18":"purchasable","19":"product-type-simple"},"aioseo_notices":[],"_links":{"self":[{"href":"https:\/\/kastagnette.com\/shop\/wp-json\/wp\/v2\/product\/12359","targetHints":{"allow":["GET"]}}],"collection":[{"href":"https:\/\/kastagnette.com\/shop\/wp-json\/wp\/v2\/product"}],"about":[{"href":"https:\/\/kastagnette.com\/shop\/wp-json\/wp\/v2\/types\/product"}],"replies":[{"embeddable":true,"href":"https:\/\/kastagnette.com\/shop\/wp-json\/wp\/v2\/comments?post=12359"}],"wp:featuredmedia":[{"embeddable":true,"href":"https:\/\/kastagnette.com\/shop\/wp-json\/wp\/v2\/media\/12364"}],"wp:attachment":[{"href":"https:\/\/kastagnette.com\/shop\/wp-json\/wp\/v2\/media?parent=12359"}],"wp:term":[{"taxonomy":"product_brand","embeddable":true,"href":"https:\/\/kastagnette.com\/shop\/wp-json\/wp\/v2\/product_brand?post=12359"},{"taxonomy":"product_cat","embeddable":true,"href":"https:\/\/kastagnette.com\/shop\/wp-json\/wp\/v2\/product_cat?post=12359"},{"taxonomy":"product_tag","embeddable":true,"href":"https:\/\/kastagnette.com\/shop\/wp-json\/wp\/v2\/product_tag?post=12359"}],"curies":[{"name":"wp","href":"https:\/\/api.w.org\/{rel}","templated":true}]}}