{"id":12658,"date":"2025-03-09T12:00:39","date_gmt":"2025-03-09T11:00:39","guid":{"rendered":"https:\/\/kastagnette.com\/shop\/?post_type=product&#038;p=12658"},"modified":"2026-01-29T21:42:21","modified_gmt":"2026-01-29T20:42:21","slug":"concert-castanets-x","status":"publish","type":"product","link":"https:\/\/kastagnette.com\/shop\/produkt\/concert-castanets-x\/","title":{"rendered":"Concert Castanets X"},"content":{"rendered":"\r\n<h3>Concert Castanets X: Konzertkastagnetten zu Musik von William Gillock<\/h3>\r\n<p>18 Kastagnettenstimmen &#8211; Niveau ab Anf\u00e4nger mit Vorkenntnissen bis Fortgeschrittene<br \/><br \/>Hier ein <strong>Auszug aus dem Vorwort<\/strong>: William L. Gillock (1917-1993) war ein bemerkenswerter Musikp\u00e4dagoge, der mehr als 300 St\u00fccke f\u00fcr Klaviersch\u00fcler vom Anf\u00e4nger bis zum Fortgeschrittenen schrieb. Es sind ausdrucksstarke St\u00fccke mit wundersch\u00f6nen Melodien. Deshalb wird er manchmal auch &#8216;Schubert der Kinderkomponisten&#8217; genannt. Viele seiner St\u00fccke eignen sich hervorragend f\u00fcr das Studium der Konzertkastagnetten. <br \/>Dieser Band ist dem Studium und der Entwicklung der Carretillas mit beiden H\u00e4nden in unterschiedlichen rhythmischen Versionen gewidmet. Es gibt 1\/8 Carretillas, 1\/16 Carretillas, 1\/32 Carretillas, Quintolen mit 1\/8, 1\/16, 1\/32 Noten, fortlaufende Carretillas rechts-links, Triller und das Spiel mit der rechten Hand auf der linken Kastagnette und umgekehrt.<\/p>\r\n\r\n\r\n\r\n\r\n\r\n<p>F\u00fcr die Begleitmusik finden Sie eine Playlist in meinem <em><a title=\"\" href=\"https:\/\/www.youtube.com\/@amparodetriana\" target=\"_blank\" rel=\"noopener\">Youtube Account<\/a><\/em>.<\/p>\r\n<p>1. Auflage als E-Book. \u00dcbersetzung der englischen Texte ins Spanische und Deutsche auf Anfrage erh\u00e4ltlich.<strong><br \/><\/strong><\/p>\r\n<p>Auf Anfrage per <em><a href=\"https:\/\/kastagnette.com\/shop\/contact\/\" target=\"_blank\" rel=\"noopener\">E-Mail<\/a><\/em> k\u00f6nnen Sie zu Ihrem autorisierten E-Book einen ebenso autorisierten Ausdruck als Loseblattsammlung bestellen. Die zus\u00e4tzlichen Kosten werden anhand der Seitenanzahl berechnet und liegen f\u00fcr diesen Band bei 3,00 \u20ac zzgl. Versandkosten, wie in unseren AGB festgelegt.<\/p>\r\n<p><em>F\u00fcr die Autorisierung des E-Books bitte Namen und Vornamen angeben. Bitte beachten Sie bei der Bestellung, dass E-Books aus urheberrechtlichen Gr\u00fcnden nicht ausgedruckt werden k\u00f6nnen und sie d\u00fcrfen auch nicht kopiert werden. Ebenso ist das Kopieren oder die anderweitige Vervielf\u00e4ltigung des Ausdrucks als Loseblattsammlung nicht gestattet.<\/em><\/p>\r\n<p>Die Partituren meiner zahlreichen Notenb\u00e4nde k\u00f6nnen \u2013 mit wenigen Ausnahmen \u2013 auch einzeln als PDF bestellt werden. Eine <a href=\"https:\/\/kastagnette.com\/shop\/wp-content\/uploads\/sites\/6\/2025\/07\/Titelliste_CC_X.pdf\" target=\"_blank\" rel=\"noopener\"><em>L<\/em><em>iste der <\/em><em>Partituren dieses Notenbandes <\/em><\/a>mit den jeweiligen Preisen finden Sie hier. Wenn Sie Interesse haben, schicken sie uns einfach <a href=\"https:\/\/kastagnette.com\/shop\/contact\/\" target=\"_blank\" rel=\"noopener\"><em>eine E-Mail<\/em><\/a> mit der Angabe, welcher Titel aus diesem Notenband Sie interessiert.<\/p>\r\n","protected":false},"excerpt":{"rendered":"<p>18 Kastagnettenstimmen zu Musik von William Gillock &#8211; Niveau ab Anf\u00e4nger mit Vorkenntnissen bis Fortgeschrittene<\/p>\n<p class=\"p1\">Ein Schwerpunkt ist die Entwicklung und Vertiefung der Carretillas.<\/p>\n<p>29 Seiten<\/p>\n<p> <a class=\"more-link\" href=\"https:\/\/kastagnette.com\/shop\/produkt\/concert-castanets-x\/\">Weiterlesen<\/a><\/p>","protected":false},"featured_media":12660,"comment_status":"closed","ping_status":"closed","template":"","meta":[],"product_brand":[],"product_cat":[23,17],"product_tag":[24,19,20],"class_list":{"0":"post-12658","1":"product","2":"type-product","3":"status-publish","4":"has-post-thumbnail","6":"product_cat-e-book","7":"product_cat-noten","8":"product_tag-ebook","9":"product_tag-kastagnettennoten","10":"product_tag-noten","11":"pa_noten-ebook","13":"first","14":"instock","15":"virtual","16":"sold-individually","17":"purchasable","18":"product-type-simple"},"aioseo_notices":[],"_links":{"self":[{"href":"https:\/\/kastagnette.com\/shop\/wp-json\/wp\/v2\/product\/12658","targetHints":{"allow":["GET"]}}],"collection":[{"href":"https:\/\/kastagnette.com\/shop\/wp-json\/wp\/v2\/product"}],"about":[{"href":"https:\/\/kastagnette.com\/shop\/wp-json\/wp\/v2\/types\/product"}],"replies":[{"embeddable":true,"href":"https:\/\/kastagnette.com\/shop\/wp-json\/wp\/v2\/comments?post=12658"}],"wp:featuredmedia":[{"embeddable":true,"href":"https:\/\/kastagnette.com\/shop\/wp-json\/wp\/v2\/media\/12660"}],"wp:attachment":[{"href":"https:\/\/kastagnette.com\/shop\/wp-json\/wp\/v2\/media?parent=12658"}],"wp:term":[{"taxonomy":"product_brand","embeddable":true,"href":"https:\/\/kastagnette.com\/shop\/wp-json\/wp\/v2\/product_brand?post=12658"},{"taxonomy":"product_cat","embeddable":true,"href":"https:\/\/kastagnette.com\/shop\/wp-json\/wp\/v2\/product_cat?post=12658"},{"taxonomy":"product_tag","embeddable":true,"href":"https:\/\/kastagnette.com\/shop\/wp-json\/wp\/v2\/product_tag?post=12658"}],"curies":[{"name":"wp","href":"https:\/\/api.w.org\/{rel}","templated":true}]}}