{"id":12673,"date":"2026-01-20T17:30:13","date_gmt":"2026-01-20T16:30:13","guid":{"rendered":"https:\/\/kastagnette.com\/shop\/?post_type=product&#038;p=12673"},"modified":"2026-02-11T00:46:10","modified_gmt":"2026-02-10T23:46:10","slug":"concert-castanets-exercises","status":"publish","type":"product","link":"https:\/\/kastagnette.com\/shop\/produkt\/concert-castanets-exercises\/","title":{"rendered":"NEU: Concert Castanets Exercises"},"content":{"rendered":"\r\n<h3>Concert Castanets Exercises<\/h3>\r\n<p>Ein Band mit Anleitungen und \u00dcbungen zum Aufw\u00e4rmen und Trainieren der Finger, Rhythmus\u00fcbungen und vielen technischen und musikalischen Feinheiten &#8211; Niveau ab Anf\u00e4nger mit Vorkenntnissen bis zu virtuosen Kastagnettenspielern<br \/><br \/>Aus der ausf\u00fchrlichen Einleitung:<\/p>\r\n<p style=\"padding-left: 40px\"><br \/><em>1. Es ist sehr wichtig, vor dem Kastagnettenspiel die H\u00e4nde und Finger gut vorzubereiten, d.h. aufzuw\u00e4rmen. Es ist essenziell,<\/em><br \/><em>dass man immer mit den Fingerspitzen schl\u00e4gt, mit Fingern, die in den Gelenken gut gerundet sind. Man sollte sehr<\/em><br \/><em>langsam beginnen und das Tempo dann allm\u00e4hlich steigern.<\/em><br \/><em>&#8211; Erstens: Schl\u00e4ge mit Impuls [pesante]<\/em><br \/><em>&#8211; Zweitens: Schl\u00e4ge mit Impuls und Abpraller [picado]<\/em><br \/><em>&#8211; Drittens: Carretilla picada<\/em><br \/><em>&#8211; Viertens: Carretilla resbalada, zun\u00e4chst sehr langsam, dann allm\u00e4hlich schneller mit verschiedenen<\/em><br \/><em>rhythmischen Variationen<\/em><br \/><em>&#8211; F\u00fcnftens: \u00dcbungen aus allen verschiedenen Kapiteln dieses Notenbuchs mit Metronom, das dem jeweiligen<\/em><br \/><em>Niveau des Kastagnettenspielers angepasst ist.<\/em><br \/><em>2. Regelm\u00e4\u00dfiges \u00dcben mit einem Metronom ist ebenfalls unerl\u00e4sslich. Die Tempoangaben in diesem Band sind Empfehlungen und<\/em><br \/><em>k\u00f6nnen den pers\u00f6nlichen Bed\u00fcrfnissen angepasst werden. Mit zunehmender \u00dcbung sollte das Tempo langsam gesteigert<\/em><br \/><em>werden.<br \/>&#8230;<br \/>&#8230;<br \/>&#8230;<br \/><br \/><\/em><\/p>\r\n<p>1. Auflage als E-Book. \u00dcbersetzung der englischen Texte ins Spanische und Deutsche auf Anfrage erh\u00e4ltlich.<strong><br \/><\/strong><\/p>\r\n<p>Auf Anfrage per <em><a href=\"https:\/\/kastagnette.com\/shop\/contact\/\" target=\"_blank\" rel=\"noopener\">E-Mail<\/a><\/em> k\u00f6nnen Sie zu Ihrem autorisierten E-Book einen ebenso autorisierten Ausdruck als Loseblattsammlung bestellen. Die zus\u00e4tzlichen Kosten werden anhand der Seitenanzahl berechnet und liegen f\u00fcr diesen Band bei 4,00 \u20ac zzgl. Versandkosten, wie in unseren AGB festgelegt.<\/p>\r\n<p><em>F\u00fcr die Autorisierung des E-Books bitte Namen und Vornamen angeben. Bitte beachten Sie bei der Bestellung, dass E-Books aus urheberrechtlichen Gr\u00fcnden nicht ausgedruckt werden k\u00f6nnen und sie d\u00fcrfen auch nicht kopiert werden. Ebenso ist das Kopieren oder die anderweitige Vervielf\u00e4ltigung des Ausdrucks als Loseblattsammlung nicht gestattet.<\/em><\/p>\r\n<p>Die Partituren meiner zahlreichen Notenb\u00e4nde k\u00f6nnen \u2013 mit wenigen Ausnahmen \u2013 auch einzeln als PDF bestellt werden. Eine <a href=\"https:\/\/kastagnette.com\/shop\/wp-content\/uploads\/sites\/6\/2025\/07\/Titelliste_CC_E.pdf\" target=\"_blank\" rel=\"noopener\"><em>L<\/em><em>iste der <\/em><em>Partituren dieses Notenbandes <\/em><\/a>mit den jeweiligen Preisen finden Sie hier. Wenn Sie Interesse haben, schicken sie uns einfach <em><a href=\"https:\/\/kastagnette.com\/shop\/contact\/\" target=\"_blank\" rel=\"noopener\">eine E-Mail<\/a><\/em> mit der Angabe, welcher Titel aus diesem Notenband Sie interessiert.<\/p>\r\n","protected":false},"excerpt":{"rendered":"<p>Anleitungen und \u00dcbungen zum Aufw\u00e4rmen der Finger, Verbesserung der Fingertechnik, Rhythmus\u00fcbungen und vieles mehr.<br \/>Niveau ab Anf\u00e4nger mit Vorkenntnissen bis zu virtuosen Kastagnettenspielern<\/p>\n<p>37 Seiten<\/p>\n<p> <a class=\"more-link\" href=\"https:\/\/kastagnette.com\/shop\/produkt\/concert-castanets-exercises\/\">Weiterlesen<\/a><\/p>","protected":false},"featured_media":12659,"comment_status":"closed","ping_status":"closed","template":"","meta":[],"product_brand":[],"product_cat":[23,17],"product_tag":[24,19,20],"class_list":{"0":"post-12673","1":"product","2":"type-product","3":"status-publish","4":"has-post-thumbnail","6":"product_cat-e-book","7":"product_cat-noten","8":"product_tag-ebook","9":"product_tag-kastagnettennoten","10":"product_tag-noten","11":"pa_noten-ebook","13":"first","14":"instock","15":"virtual","16":"sold-individually","17":"purchasable","18":"product-type-simple"},"aioseo_notices":[],"_links":{"self":[{"href":"https:\/\/kastagnette.com\/shop\/wp-json\/wp\/v2\/product\/12673","targetHints":{"allow":["GET"]}}],"collection":[{"href":"https:\/\/kastagnette.com\/shop\/wp-json\/wp\/v2\/product"}],"about":[{"href":"https:\/\/kastagnette.com\/shop\/wp-json\/wp\/v2\/types\/product"}],"replies":[{"embeddable":true,"href":"https:\/\/kastagnette.com\/shop\/wp-json\/wp\/v2\/comments?post=12673"}],"wp:featuredmedia":[{"embeddable":true,"href":"https:\/\/kastagnette.com\/shop\/wp-json\/wp\/v2\/media\/12659"}],"wp:attachment":[{"href":"https:\/\/kastagnette.com\/shop\/wp-json\/wp\/v2\/media?parent=12673"}],"wp:term":[{"taxonomy":"product_brand","embeddable":true,"href":"https:\/\/kastagnette.com\/shop\/wp-json\/wp\/v2\/product_brand?post=12673"},{"taxonomy":"product_cat","embeddable":true,"href":"https:\/\/kastagnette.com\/shop\/wp-json\/wp\/v2\/product_cat?post=12673"},{"taxonomy":"product_tag","embeddable":true,"href":"https:\/\/kastagnette.com\/shop\/wp-json\/wp\/v2\/product_tag?post=12673"}],"curies":[{"name":"wp","href":"https:\/\/api.w.org\/{rel}","templated":true}]}}