{"id":12716,"date":"2025-04-11T21:54:19","date_gmt":"2025-04-11T19:54:19","guid":{"rendered":"https:\/\/kastagnette.com\/shop\/?post_type=product&#038;p=12716"},"modified":"2026-02-11T10:06:17","modified_gmt":"2026-02-11T09:06:17","slug":"bundle-concert-castanets-e-ca","status":"publish","type":"product","link":"https:\/\/kastagnette.com\/shop\/produkt\/bundle-concert-castanets-e-ca\/","title":{"rendered":"Bundle: Concert Castanets Exercises &amp; Carretillas"},"content":{"rendered":"<h3>Concert Castanets Exercises &amp; Concert Castanets Carretillas<\/h3>\n<p><strong>Concert Castanets Exercises:<\/strong><\/p>\n<p>Ein Band mit Anleitungen und \u00dcbungen zum Aufw\u00e4rmen und Trainieren der Finger, mit Rhythmus\u00fcbungen und vielen technischen und musikalischen Feinheiten. &#8211;<br \/>\nNiveau ab Anf\u00e4nger mit Vorkenntnissen bis zu virtuosen Kastagnettenspielern<em><br \/>\n<\/em><\/p>\n<p><span style=\"color: #333333\"><strong>Concert Castanets Carretillas:<\/strong><\/span><\/p>\n<p>20 Et\u00fcden f\u00fcr das ausf\u00fchrliche Studium der Carretillas zu Musik von Chopin, Couperin, Beethoven, Burgm\u00fcller, Gillock, Ludovic, Rameau, Satie, Schubert, Schumann and Tschaikowsky &#8211;<br \/>\nNiveau ab Anf\u00e4nger mit Vorkenntnissen bis zu virtuosen Kastagnettenspielern<\/p>\n<p>F\u00fcr die Begleitmusik zum Band Concert Castanets Carretillas finden Sie eine Playlist in meinem<a href=\"youtube.com\/@amparodetriana\" target=\"_blank\" rel=\"noopener\"><em> YouTube Account<\/em>.<\/a><\/p>\n<p>Die beiden B\u00e4nde sind jeweils mit einer ausf\u00fchrlichen Einleitung und entsprechenden Erl\u00e4uterungen versehen.<\/p>\n<p>Auf Anfrage per <em><a href=\"https:\/\/kastagnette.com\/shop\/contact\/\" target=\"_blank\" rel=\"noopener\">E-Mail<\/a><\/em> k\u00f6nnen Sie zu Ihren autorisierten E-Books einen ebenso autorisierten Ausdruck als Loseblattsammlung bestellen. Die zus\u00e4tzlichen Kosten werden anhand der Seitenanzahl berechnet und liegen f\u00fcr diese beiden B\u00e4nde bei 7,00 \u20ac zzgl. Versandkosten, wie in unseren AGB festgelegt.<\/p>\n<p><em>F\u00fcr die Autorisierung der E-Books bitte Namen und Vornamen angeben. Bitte beachten Sie bei der Bestellung, dass E-Books aus urheberrechtlichen Gr\u00fcnden nicht ausgedruckt werden k\u00f6nnen und sie d\u00fcrfen auch nicht kopiert werden. Ebenso ist das Kopieren oder die anderweitige Vervielf\u00e4ltigung des Ausdrucks als Loseblattsammlung nicht gestattet.<\/em><\/p>\n","protected":false},"excerpt":{"rendered":"<p>Bundle: Concert Castanets Exercises &amp; Concert Castanets Carretillas zum intensiven Studium der vielf\u00e4ltigen technischen M\u00f6glichkeiten des Kastagnettenspiels.<\/p>\n<p>37 und 29 Seiten<\/p>\n<p> <a class=\"more-link\" href=\"https:\/\/kastagnette.com\/shop\/produkt\/bundle-concert-castanets-e-ca\/\">Weiterlesen<\/a><\/p>","protected":false},"featured_media":12717,"comment_status":"closed","ping_status":"closed","template":"","meta":[],"product_brand":[],"product_cat":[23,17],"product_tag":[80,24,19,20],"class_list":{"0":"post-12716","1":"product","2":"type-product","3":"status-publish","4":"has-post-thumbnail","6":"product_cat-e-book","7":"product_cat-noten","8":"product_tag-aktion","9":"product_tag-ebook","10":"product_tag-kastagnettennoten","11":"product_tag-noten","12":"pa_noten-ebook","14":"first","15":"instock","16":"sale","17":"virtual","18":"sold-individually","19":"purchasable","20":"product-type-simple"},"aioseo_notices":[],"_links":{"self":[{"href":"https:\/\/kastagnette.com\/shop\/wp-json\/wp\/v2\/product\/12716","targetHints":{"allow":["GET"]}}],"collection":[{"href":"https:\/\/kastagnette.com\/shop\/wp-json\/wp\/v2\/product"}],"about":[{"href":"https:\/\/kastagnette.com\/shop\/wp-json\/wp\/v2\/types\/product"}],"replies":[{"embeddable":true,"href":"https:\/\/kastagnette.com\/shop\/wp-json\/wp\/v2\/comments?post=12716"}],"wp:featuredmedia":[{"embeddable":true,"href":"https:\/\/kastagnette.com\/shop\/wp-json\/wp\/v2\/media\/12717"}],"wp:attachment":[{"href":"https:\/\/kastagnette.com\/shop\/wp-json\/wp\/v2\/media?parent=12716"}],"wp:term":[{"taxonomy":"product_brand","embeddable":true,"href":"https:\/\/kastagnette.com\/shop\/wp-json\/wp\/v2\/product_brand?post=12716"},{"taxonomy":"product_cat","embeddable":true,"href":"https:\/\/kastagnette.com\/shop\/wp-json\/wp\/v2\/product_cat?post=12716"},{"taxonomy":"product_tag","embeddable":true,"href":"https:\/\/kastagnette.com\/shop\/wp-json\/wp\/v2\/product_tag?post=12716"}],"curies":[{"name":"wp","href":"https:\/\/api.w.org\/{rel}","templated":true}]}}