{"id":12739,"date":"2026-01-18T13:00:19","date_gmt":"2026-01-18T12:00:19","guid":{"rendered":"https:\/\/kastagnette.com\/shop\/?post_type=product&#038;p=12739"},"modified":"2026-02-11T18:24:44","modified_gmt":"2026-02-11T17:24:44","slug":"neu-bundle-alle-12-notenbaende-als-e-books","status":"publish","type":"product","link":"https:\/\/kastagnette.com\/shop\/produkt\/neu-bundle-alle-12-notenbaende-als-e-books\/","title":{"rendered":"Bundle: alle 12 Notenb\u00e4nde als E-Books"},"content":{"rendered":"<h3>Bundle: Concert Castanets Exercises, Concert Castanets Carretillas und Concert Castanets I &#8211; X<\/h3>\n<p><strong>Concert Castanets Exercises E-Book<\/strong><br \/>\n<em>Niveau ab Anf\u00e4nger mit Vorkenntnissen bis zu virtuosen Kastagnettenspielern.<\/em><br \/>\nErw\u00e4rmung und technische sowie rhythmische Exercises, die fortlaufend anspruchsvoller werden.<\/p>\n<p><strong>Concert Castanets Carretillas E-Book<\/strong><br \/>\n<em>Niveau ab Anf\u00e4nger mit Vorkenntnissen bis zu virtuosen Kastagnettenspielern.<\/em><br \/>\n20 Et\u00fcden f\u00fcr das ausf\u00fchrliche Studium der Carretillas zu Musik von Chopin, Couperin, Beethoven, Burgm\u00fcller, Gillock, Ludovic, Rameau, Satie, Schubert, Schumann and Tschaikowsky.<\/p>\n<p><strong>Concert Castanets I E-Book<\/strong> (2. Auflage inklusive vollst\u00e4ndige Partitur)<br \/>\n<em>Niveau Fortgeschrittene.<\/em><br \/>\n6 Kastagnettenstimmen Solo plus eine zweistimmige Version f\u00fcr die 6 kleinen Pr\u00e4ludien von J. S. Bach &#8211; BWV 933 bis 938.<\/p>\n<p><strong>Concert Castanets II E-Book<\/strong> (2. Auflage inklusive vollst\u00e4ndige Partitur)<br \/>\n<em>Niveaus ab Anf\u00e4nger mit guten Vorkenntnissen bis Mittelstufe.<\/em><br \/>\n10 Kastagnettenstimmen Solo plus eine zweistimmige Version zu Musiken von J-B. Lully, H. Purcell, J. S. Bach, Ch. Petzold, G. F. H\u00e4ndel, L. Mozart, L. van Beethoven und J. F. Burgm\u00fcller.<\/p>\n<p><strong>Concert Castanets III E-Book<\/strong> (2. Auflage inklusive vollst\u00e4ndige Partitur)<br \/>\n<em>Niveau virtuose Kastagnettenspieler.<\/em><br \/>\n8 Kastagnettenstimmen Solo und eine zweistimmige Partitur zu Lyrischen St\u00fccken von Edvard Grieg.<\/p>\n<p><strong>Concert Castanets IV E-Book<\/strong><br \/>\n<em>Niveau Fortgeschrittene bis virtuose Kastagnettenspieler.<\/em><br \/>\n8 Kastagnettenstimmen Solo zu St\u00fccken aus den beiden Carmen Suiten von Georges Bizet mit virtuosem Charakter plus eine zweistimmige Partitur.<\/p>\n<p><strong>Concert Castanets V E-Book<\/strong><br \/>\n<em>Niveau Anf\u00e4nger mit geringen Vorkenntnissen im Kastagnettenspiel (ohne Carretillas) aber guter musikalischer Vorbildung.<\/em><br \/>\n14 Kastagnettenstimmen Solo f\u00fcr plus eine zweistimmige reine Kastagnettenpartitur zu Musiken von L. Mozart, J. Haydn, J. S. Bach, F. Schubert, F. Chopin, A Khachaturian, E. Satie, S. Joplin, D. Shostakovich, W. Gillock, G. Sanz und Amparo de Triana.<\/p>\n<p><strong>Concert Castanets VI E-Book<\/strong><br \/>\n<em>Niveau Mittelstufe bis Fortgeschrittene.<\/em><br \/>\nRagtimes und Ragtime Waltz: 9 Kastagnettenstimmen Solo und eine zweistimmige Partitur zu Musik von Scott Joplin.<\/p>\n<p><strong>Concert Castanets VII E-Book<\/strong><br \/>\n<em>Niveau Mittelstufe.<\/em><br \/>\n7 Kastagnettenstimmen Solo zur Suite &#8216;T\u00e4nze der Puppen&#8217; von Dmitri Shostakovich.<\/p>\n<p><strong>Concert Castanets VIII 2 E-Books (Partituren und Stimmausz\u00fcge)<\/strong><br \/>\n<em>Niveau ab guter Mittelstufe f\u00fcr ein Kastagnettenensemble.<\/em><br \/>\nKammermusikpartituren &#8211; Solos, Duette und Trios &#8211; zu Musiken von J. S. Bach, G. F. H\u00e4ndel, W. A. Mozart, E. Satie, M. Clementi, G. Gershwin, A. Khachaturian, F. Schubert und Amparo de Triana.<\/p>\n<p><strong>Concert Castanets IX E-Book<\/strong><br \/>\n<em>Niveau virtuose Kastagnettenspieler.<\/em><br \/>\n12 Kastagnettenstimmen Solo und eine zweistimmige Partitur zu Musiken von D. Scarlatti, J. S. Bach, E Grieg, F. Chopin, W. A. Mozart, M. de Falla, L. Boccherini, L. van Beethoven und Amparo de Triana.<\/p>\n<p><strong>Concert Castanets X E-Book<\/strong> Konzertkastagnetten zu Musik von William Gillock<br \/>\n<em>Niveau ab guter Mittelstufe bis Fortgeschrittene.<\/em><br \/>\n18 Kastagnettenstimmen zu den sehr ausdrucksstarken Kompositionen in sehr unterschiedlichen Musikstilen von William Gillock.<\/p>\n<h3>Kurzfassung:<\/h3>\n<p>\u279b Concert Castanets Warm Ups und Exercises<br \/>\n\u279b Concert Castanets Carretillas<br \/>\n\u279b Concert Castanets I die 6 kleinen Pr\u00e4ludien von J. S. Bach &#8211; BWV 933 bis 938<br \/>\n\u279b Concert Castanets II Niveaus ab Anf\u00e4nger mit guten Vorkenntnissen bis Mittelstufe<br \/>\n\u279b Concert Castanets III virtuose Kastagnettenstimmen zu &#8216;Lyrische St\u00fccke&#8217; von Edvard Grieg<br \/>\n\u279b Concert Castanets IV Georges Bizet: Carmen Suite<br \/>\n\u279b Concert Castanets V ohne Carretillas aber musikalisch anspruchsvoll<br \/>\n\u279b Concert Castanets VI Ragtimes &amp; Ragtime Waltz von Scott Joplin<br \/>\n\u279b Concert Castanets VII zur Suite &#8216;T\u00e4nze der Puppen&#8217; von Dmitri Shostakovich<br \/>\n\u279b Concert Castanets VIII f\u00fcr ein Kastagnettenensemble: Solos, Duette und Trios in 2 B\u00e4nden<br \/>\n\u279b Concert Castanets IX virtuose Kastagnettenstimmen<br \/>\n\u279b Concert Castanets X Konzertkastagnetten zu Musik von William Gillock<\/p>\n<p>\u00dcbersetzung der englischen Texte ins Spanische und Deutsche auf Anfrage erh\u00e4ltlich.<strong><br \/>\n<\/strong><\/p>\n<p><em>F\u00fcr die Autorisierung der E-Books bitte Namen und Vornamen angeben. Bitte beachten Sie bei der Bestellung, dass E-Books aus urheberrechtlichen Gr\u00fcnden nicht ausgedruckt werden k\u00f6nnen und sie d\u00fcrfen auch nicht kopiert werden.<\/em><\/p>\n<p>Die Partituren meiner zahlreichen Notenb\u00e4nde k\u00f6nnen \u2013 mit wenigen Ausnahmen \u2013 auch einzeln als PDF bestellt werden. Eine \u00dcbersicht mit der <a href=\"https:\/\/kastagnette.com\/shop\/wp-content\/uploads\/sites\/6\/2025\/07\/Titelliste_Partituren.pdf\" target=\"_blank\" rel=\"noopener\"><em>L<\/em><em>iste aller <\/em><em>Partituren <\/em><\/a>mit den jeweiligen Preisen finden Sie hier. Wenn Sie Interesse haben, schicken sie uns einfach <em><a href=\"https:\/\/kastagnette.com\/shop\/contact\/\" target=\"_blank\" rel=\"noopener\">eine E-Mail<\/a><\/em> mit der Angabe, welcher Titel aus welchem Notenband Sie interessiert.<\/p>\n","protected":false},"excerpt":{"rendered":"<p>Alle 12 Notenb\u00e4nde als E-Books im Gesamtpaket. Die St\u00fccke sind geeignet ab dem Niveau Anf\u00e4nger mit Vorkenntnissen bis zu virtuosen Kastagnettenspielern.<\/p>\n<p>441 Seiten<\/p>\n<p> <a class=\"more-link\" href=\"https:\/\/kastagnette.com\/shop\/produkt\/neu-bundle-alle-12-notenbaende-als-e-books\/\">Weiterlesen<\/a><\/p>","protected":false},"featured_media":12740,"comment_status":"open","ping_status":"closed","template":"","meta":[],"product_brand":[],"product_cat":[23,17],"product_tag":[80,24,19,20],"class_list":{"0":"post-12739","1":"product","2":"type-product","3":"status-publish","4":"has-post-thumbnail","6":"product_cat-e-book","7":"product_cat-noten","8":"product_tag-aktion","9":"product_tag-ebook","10":"product_tag-kastagnettennoten","11":"product_tag-noten","12":"pa_noten-ebook","14":"first","15":"instock","16":"sale","17":"featured","18":"virtual","19":"purchasable","20":"product-type-simple"},"aioseo_notices":[],"_links":{"self":[{"href":"https:\/\/kastagnette.com\/shop\/wp-json\/wp\/v2\/product\/12739","targetHints":{"allow":["GET"]}}],"collection":[{"href":"https:\/\/kastagnette.com\/shop\/wp-json\/wp\/v2\/product"}],"about":[{"href":"https:\/\/kastagnette.com\/shop\/wp-json\/wp\/v2\/types\/product"}],"replies":[{"embeddable":true,"href":"https:\/\/kastagnette.com\/shop\/wp-json\/wp\/v2\/comments?post=12739"}],"wp:featuredmedia":[{"embeddable":true,"href":"https:\/\/kastagnette.com\/shop\/wp-json\/wp\/v2\/media\/12740"}],"wp:attachment":[{"href":"https:\/\/kastagnette.com\/shop\/wp-json\/wp\/v2\/media?parent=12739"}],"wp:term":[{"taxonomy":"product_brand","embeddable":true,"href":"https:\/\/kastagnette.com\/shop\/wp-json\/wp\/v2\/product_brand?post=12739"},{"taxonomy":"product_cat","embeddable":true,"href":"https:\/\/kastagnette.com\/shop\/wp-json\/wp\/v2\/product_cat?post=12739"},{"taxonomy":"product_tag","embeddable":true,"href":"https:\/\/kastagnette.com\/shop\/wp-json\/wp\/v2\/product_tag?post=12739"}],"curies":[{"name":"wp","href":"https:\/\/api.w.org\/{rel}","templated":true}]}}