{"id":12911,"date":"2026-01-18T21:09:25","date_gmt":"2026-01-18T20:09:25","guid":{"rendered":"https:\/\/kastagnette.com\/shop\/?post_type=product&#038;p=12911"},"modified":"2026-02-11T00:40:04","modified_gmt":"2026-02-10T23:40:04","slug":"bundle-concert-castanets-f","status":"publish","type":"product","link":"https:\/\/kastagnette.com\/shop\/produkt\/bundle-concert-castanets-f\/","title":{"rendered":"Bundle: Concert Castanets F"},"content":{"rendered":"<h1>Bundle f\u00fcr Fortgeschrittene<\/h1>\r\n<h3>Concert Castanets I &#8211; E-Book:<\/h3>\r\n<p class=\"has-text-align-left\"><!-- \/wp:post-content --><\/p>\r\n<p class=\"has-text-align-left\"><!-- wp:paragraph --><\/p>\r\n<p>2. Auflage des Notenbandes Konzertkastagnetten I als E-Book: Kastagnettenstimmen Solo f\u00fcr die 6 kleinen Pr\u00e4ludien von J.S. Bach &#8211; BWV 933 bis 938 &#8211; und eine zweistimmige Version f\u00fcr fortgeschrittene Kastagnettenspieler.<\/p>\r\n<p class=\"has-text-align-left\"><!-- \/wp:paragraph -->\r\n\r\n<!-- wp:paragraph --><\/p>\r\n<p>Hier ein <strong>Auszug aus dem Vorwort<\/strong>: Nach vielen Jahren intensiver Besch\u00e4ftigung mit den Konzertkastagnetten ver\u00f6ffentliche ich hier den ersten Notenband der Reihe Konzertkastagnetten. Aus der Vielzahl an bereits von mir geschriebenen St\u00fccken habe ich f\u00fcr diese erste Ausgabe die 6 kleinen Pr\u00e4ludien f\u00fcr Anf\u00e4nger von Johann Sebastian Bach, BWV 933 bis 938 ausgesucht. Am Ende des Heftes finden Sie noch eine zweistimmige Version des Pr\u00e4ludiums in d-Moll BWV 935 als komplette Partitur, sowie die zwei Einzelstimmen. Die Kastagnettenstimmen dieser Pr\u00e4ludien sind f\u00fcr gute bis fortgeschrittene Kastagnettenspieler gedacht.<\/p>\r\n<p class=\"has-text-align-left\">2. Auflage als E-Book (inklusive der vollst\u00e4ndigen Partitur, Kastagnette &amp; Piano)<\/p>\r\n<p>\u00dcbrigens: dieser Notenband ist auch noch in der 1. Auflage als Print in diesem Shop erh\u00e4ltlich, au\u00dferdem gibt es Audioaufnahmen der B\u00e4nde Concert Castanets I &#8211; III.<\/p>\r\n<h3>Concert Castanets IV &#8211; E-Book:<\/h3>\r\n<p>8 Kastagnettenstimmen Solo zu St\u00fccken aus den beiden Carmen Suiten von Georges Bizet mit virtuosem Charakter plus eine zweistimmige Partitur.<\/p>\r\n<p>Hier ein <strong>Auszug aus dem Vorwort<\/strong>: Der 1838 in Paris geborene<strong> Georges Bizet<\/strong> erlebte den gro\u00dfen Erfolg seiner Oper <strong>Carmen<\/strong> nicht mehr, denn er starb fr\u00fch am 3. Juni 1875. Diese Oper basiert auf der gleichnamigen Novelle von Prosper M\u00e9rim\u00e9e aus dem Jahr 1846. Die Urauff\u00fchrung am 3. M\u00e4rz 1975 an der Op\u00e9ra Comique in Paris war kein Erfolg, im Gegenteil, das Publikum war schockiert von dieser freigeistigen und sinnlichen Carmen, der realistischen Milieuschilderung, dem Drama und der Trag\u00f6die. Nichtsdestotrotz waren einige Kritiker und Komponistenkollegen wie Debussy, Saint-Sa\u00ebns, Tschaikowsky, Brahms und sogar Nietzsche von diesem St\u00fcck sehr \u00fcberzeugt und sie bekamen Recht. Nach der Urauff\u00fchrung in Wien im Oktober 1875 begann der gro\u00dfe Erfolg. Diese Oper ist heute eine der bekanntesten und meistgespielten der Welt.<\/p>\r\n<p>Die beiden Carmen-Suiten wurden posthum von Bizets Freund Ernest Guiraud zusammengestellt und halten sich eng an Bizets Orchestrierung. Die Reihenfolge der St\u00fccke entspricht jedoch nicht der Reihenfolge in der Oper. Ich habe f\u00fcr diesen Band <strong>8 St\u00fccke aus den 2 Carmen-Suiten <\/strong>ausgew\u00e4hlt. Das Pr\u00e4ludium aus der Oper Carmen besteht aus &#8216;Les Toreadors&#8217; und dem anschlie\u00dfenden &#8216;Andante Moderato&#8217;. &#8216;Les Toreadors&#8217; wird im 4. Akt der Oper noch einmal gespielt, weshalb Sie am Ende des Bandes neben der Soloversion auch eine zweistimmige Version dieses St\u00fcckes finden.<\/p>\r\n<h3>Concert Castanets VI: Scott Joplin Ragtimes und Ragtime Waltz &#8211; E-Book:<\/h3>\r\n<p>9 Kastagnettenstimmen Solo und ein Kastagnettenduo &#8211; Niveau Mittelstufe bis Fortgeschrittene<\/p>\r\n<p>Hier ein <strong>Auszug aus dem Vorwort<\/strong>: Auf der Suche nach geeigneter Musik f\u00fcr die \u00dcbungen zu Beginn meines Kastagnettenunterrichts habe ich die Musik von Scott Joplin entdeckt und lieben gelernt. Auch meinen Kursteilnehmern gefielen seine St\u00fccke sehr gut. Diese Musik inspirierte mich so sehr, dass immer mehr Kastagnetten-St\u00fccke zu seinen Werken entstanden. <br \/><br \/>Das Wort Ragtime leitet sich von &#8220;ragged time&#8221; ab, was sich auf die vielen Synkopen in den Melodien bezieht. Seine Bl\u00fctezeit erlebte der Ragtime zu Beginn des 20. Jahrhunderts in den USA, wo er nach dem Ersten Weltkrieg vom Jazz verdr\u00e4ngt wurde. Mit dem Welterfolg des Kinofilms &#8220;The Sting&#8221; von 1973, die stark von orchestrierten Versionen von Scott-Joplin-St\u00fccken wie &#8220;The Entertainer&#8221; und &#8220;Easy Winners&#8221; unterst\u00fctzt wurde, erfuhr er eine neue weltweite Popularit\u00e4t. Scott Joplin war nicht der Erfinder des Ragtime-Stils, aber er hat ihn perfektioniert \u2026.<\/p>\r\n<h3>Concert Castanets X: Konzertkastagnetten zu Musik von William Gillock &#8211; E-Book:<\/h3>\r\n<p>18 Kastagnettenstimmen &#8211; Niveau ab Anf\u00e4nger mit guten Vorkenntnissen bis Fortgeschrittene<\/p>\r\n<p>Hier ein <strong>Auszug aus dem Vorwort<\/strong>: William L. Gillock (1917-1993) war ein bemerkenswerter Musikp\u00e4dagoge, der mehr als 300 St\u00fccke f\u00fcr Klaviersch\u00fcler vom Anf\u00e4nger bis zum Fortgeschrittenen schrieb. Es sind ausdrucksstarke St\u00fccke mit wundersch\u00f6nen Melodien. Deshalb wird er manchmal auch &#8216;Schubert der Kinderkomponisten&#8217; genannt. Viele seiner St\u00fccke eignen sich hervorragend f\u00fcr das Studium der Konzertkastagnetten. <br \/>Dieser Band ist dem Studium und der Entwicklung der Carretillas mit beiden H\u00e4nden in unterschiedlichen rhythmischen Versionen gewidmet. Es gibt 1\/8 Carretillas, 1\/16 Carretillas, 1\/32 Carretillas, Quintolen mit 1\/8, 1\/16, 1\/32 Noten, fortlaufende Carretillas rechts-links, Triller und das Spiel mit der rechten Hand auf der linken Kastagnette und umgekehrt.<\/p>\r\n<p>F\u00fcr die Begleitmusik finden Sie Playlists in meinem <em><a title=\"\" href=\"https:\/\/www.youtube.com\/@amparodetriana\" target=\"_blank\" rel=\"noopener\">Youtube Account<\/a><\/em>.<\/p>\r\n<p>\u00dcbersetzung der englischen Texte ins Spanische und Deutsche auf Anfrage erh\u00e4ltlich.<\/p>\r\n<p><em>F\u00fcr die Autorisierung der E-Books bitte Namen und Vornamen angeben. Bitte beachten Sie bei der Bestellung, dass E-Books aus urheberrechtlichen Gr\u00fcnden nicht ausgedruckt werden k\u00f6nnen und sie d\u00fcrfen auch nicht kopiert werden.<\/em><\/p>\r\n<p><!-- \/wp:paragraph -->\r\n\r\n<!-- wp:image {\"align\":\"left\",\"id\":5993,\"width\":\"247px\",\"height\":\"auto\",\"aspectRatio\":\"0.7072135785007072\",\"sizeSlug\":\"full\",\"linkDestination\":\"none\",\"className\":\"is-style-default\"} --><\/p>\r\n<figure class=\"wp-block-image alignleft size-full is-resized is-style-default\"><\/figure>\r\n<p><!-- \/wp:image -->\r\n\r\n<!-- wp:paragraph --><\/p>\r\n<!-- \/wp:paragraph -->\r\n\r\n<!-- wp:image {\"id\":5994,\"width\":\"247px\",\"height\":\"auto\",\"aspectRatio\":\"0.7072135785007072\",\"sizeSlug\":\"full\",\"linkDestination\":\"none\",\"align\":\"right\",\"className\":\"is-style-default\"} -->\r\n<figure class=\"wp-block-image alignright size-full is-resized is-style-default\"><\/figure>\r\n<!-- \/wp:image -->\r\n\r\n","protected":false},"excerpt":{"rendered":"<p>Bundle: Concert Castanets F &#8211; E-Books Concert Castanets I, IV, VI und X<\/p>\n<p> <a class=\"more-link\" href=\"https:\/\/kastagnette.com\/shop\/produkt\/bundle-concert-castanets-f\/\">Weiterlesen<\/a><\/p>","protected":false},"featured_media":12906,"comment_status":"closed","ping_status":"closed","template":"","meta":[],"product_brand":[],"product_cat":[23,17],"product_tag":[80,24,19,20],"class_list":{"0":"post-12911","1":"product","2":"type-product","3":"status-publish","4":"has-post-thumbnail","6":"product_cat-e-book","7":"product_cat-noten","8":"product_tag-aktion","9":"product_tag-ebook","10":"product_tag-kastagnettennoten","11":"product_tag-noten","12":"pa_noten-ebook","14":"first","15":"instock","16":"sale","17":"virtual","18":"sold-individually","19":"purchasable","20":"product-type-simple"},"aioseo_notices":[],"_links":{"self":[{"href":"https:\/\/kastagnette.com\/shop\/wp-json\/wp\/v2\/product\/12911","targetHints":{"allow":["GET"]}}],"collection":[{"href":"https:\/\/kastagnette.com\/shop\/wp-json\/wp\/v2\/product"}],"about":[{"href":"https:\/\/kastagnette.com\/shop\/wp-json\/wp\/v2\/types\/product"}],"replies":[{"embeddable":true,"href":"https:\/\/kastagnette.com\/shop\/wp-json\/wp\/v2\/comments?post=12911"}],"wp:featuredmedia":[{"embeddable":true,"href":"https:\/\/kastagnette.com\/shop\/wp-json\/wp\/v2\/media\/12906"}],"wp:attachment":[{"href":"https:\/\/kastagnette.com\/shop\/wp-json\/wp\/v2\/media?parent=12911"}],"wp:term":[{"taxonomy":"product_brand","embeddable":true,"href":"https:\/\/kastagnette.com\/shop\/wp-json\/wp\/v2\/product_brand?post=12911"},{"taxonomy":"product_cat","embeddable":true,"href":"https:\/\/kastagnette.com\/shop\/wp-json\/wp\/v2\/product_cat?post=12911"},{"taxonomy":"product_tag","embeddable":true,"href":"https:\/\/kastagnette.com\/shop\/wp-json\/wp\/v2\/product_tag?post=12911"}],"curies":[{"name":"wp","href":"https:\/\/api.w.org\/{rel}","templated":true}]}}