{"id":12912,"date":"2026-01-18T21:19:13","date_gmt":"2026-01-18T20:19:13","guid":{"rendered":"https:\/\/kastagnette.com\/shop\/?post_type=product&#038;p=12912"},"modified":"2026-02-11T00:40:58","modified_gmt":"2026-02-10T23:40:58","slug":"bundle-concert-castanets-virtuos","status":"publish","type":"product","link":"https:\/\/kastagnette.com\/shop\/produkt\/bundle-concert-castanets-virtuos\/","title":{"rendered":"Bundle: Concert Castanets Virtuos"},"content":{"rendered":"<h1>Bundle f\u00fcr Virtuose Kastagnettenspieler<\/h1>\r\n<h3>Concert Castanets III &#8211; E-Book:<\/h3>\r\n<!-- \/wp:post-content -->\r\n\r\n<!-- wp:paragraph -->\r\n<p>9 Kastagnettenstimmen zu Lyrischen St\u00fccken von Edvard Grieg mit virtuosem Charakter, 8 Solos und eine zweistimmiges Partitur.<\/p>\r\n<!-- \/wp:paragraph -->\r\n\r\n<!-- wp:paragraph {\"align\":\"left\"} -->\r\n<p class=\"has-text-align-left\">Hier ein <strong>Auszug aus dem Vorwort<\/strong>: Mein sehr gesch\u00e4tzter Lehrer Jos\u00e9 de Udaeta, T\u00e4nzer, Choreograph und Kastagnettenvirtuose, hatte eine hinrei\u00dfende Kastagnettenstimme zu dem Klavierst\u00fcck Elfentanz geschrieben und damit meine Begeisterung f\u00fcr die Lyrischen St\u00fccke von Edvard Grieg geweckt. Edvard Grieg hat 66 St\u00fccke f\u00fcr Klavier in 10 B\u00fcchern ver\u00f6ffentlicht, eine gro\u00dfe Auswahl an poetischen Klavierst\u00fccken, die mich sehr inspiriert haben. <br \/>In Konzertkastagnetten III finden Sie 8 Kastagnettenpartituren zu ausgew\u00e4hlten Lyrischen St\u00fccken, dazu geh\u00f6ren auch das erste und das letzte St\u00fcck der Sammlung, die Arietta und Nachkl\u00e4nge. Der Kanon am Ende dieses Buches ist f\u00fcr 2 Stimmen geschrieben. Die Kastagnettenstimmen sind f\u00fcr sehr fortgeschrittene Kastagnettenspieler gedacht.<\/p>\r\n<p class=\"has-text-align-left\">2. Auflage als E-Book (inklusive der vollst\u00e4ndigen Partitur, Kastagnette &amp; Piano)<\/p>\r\n<p>\u00dcbrigens: dieser Notenband ist auch noch in der 1. Auflage als Print in diesem Shop erh\u00e4ltlich, au\u00dferdem gibt es Audioaufnahmen der B\u00e4nde Concert Castanets I &#8211; III.<\/p>\r\n<h3>Concert Castanets IV &#8211; E-Book:<\/h3>\r\n<p>8 Kastagnettenstimmen Solo zu St\u00fccken aus den beiden Carmen Suiten von Georges Bizet mit virtuosem Charakter plus eine zweistimmige Partitur.<\/p>\r\n<p>Hier ein <strong>Auszug aus dem Vorwort<\/strong>: Der 1838 in Paris geborene<strong> Georges Bizet<\/strong> erlebte den gro\u00dfen Erfolg seiner Oper <strong>Carmen<\/strong> nicht mehr, denn er starb fr\u00fch am 3. Juni 1875. Diese Oper basiert auf der gleichnamigen Novelle von Prosper M\u00e9rim\u00e9e aus dem Jahr 1846. Die Urauff\u00fchrung am 3. M\u00e4rz 1975 an der Op\u00e9ra Comique in Paris war kein Erfolg, im Gegenteil, das Publikum war schockiert von dieser freigeistigen und sinnlichen Carmen, der realistischen Milieuschilderung, dem Drama und der Trag\u00f6die. Nichtsdestotrotz waren einige Kritiker und Komponistenkollegen wie Debussy, Saint-Sa\u00ebns, Tschaikowsky, Brahms und sogar Nietzsche von diesem St\u00fcck sehr \u00fcberzeugt und sie bekamen Recht. Nach der Urauff\u00fchrung in Wien im Oktober 1875 begann der gro\u00dfe Erfolg. Diese Oper ist heute eine der bekanntesten und meistgespielten der Welt.<\/p>\r\n<p>Die beiden Carmen-Suiten wurden posthum von Bizets Freund Ernest Guiraud zusammengestellt und halten sich eng an Bizets Orchestrierung. Die Reihenfolge der St\u00fccke entspricht jedoch nicht der Reihenfolge in der Oper. Ich habe f\u00fcr diesen Band <strong>8 St\u00fccke aus den 2 Carmen-Suiten <\/strong>ausgew\u00e4hlt. Das Pr\u00e4ludium aus der Oper Carmen besteht aus &#8216;Les Toreadors&#8217; und dem anschlie\u00dfenden &#8216;Andante Moderato&#8217;. &#8216;Les Toreadors&#8217; wird im 4. Akt der Oper noch einmal gespielt, weshalb Sie am Ende des Bandes neben der Soloversion auch eine zweistimmige Version dieses St\u00fcckes finden.<\/p>\r\n<h3>Concert Castanets IX: virtuose Kastagnettenpartituren &#8211; E-Book:<\/h3>\r\n<p>12 Kastagnettenstimmen Solo und ein Kastagnettenduo f\u00fcr virtuose Kastagnettenspieler<\/p>\r\n<p>Hier ein <strong>Auszug aus dem Vorwort<\/strong>: Dieser Band IX der Reihe Konzertkastagnetten enth\u00e4lt virtuose St\u00fccke zu Musik von D. Scarlatti, J.S. Bach, E. Grieg, F. Chopin, W.A. Mozart, M. de Falla, L. Boccherini, A. Khachaturian und mein Solo f\u00fcr Konzertkastagnetten &#8216;Wooden Sound&#8217;. Dies sind <strong>meine absoluten Lieblingsst\u00fccke<\/strong>, die zu meinem Konzertrepertoire geh\u00f6ren.<\/p>\r\n<p>F\u00fcr die Begleitmusik finden Sie Playlists in meinem <em><a title=\"\" href=\"https:\/\/www.youtube.com\/@amparodetriana\" target=\"_blank\" rel=\"noopener\">Youtube Account<\/a><\/em>.<\/p>\r\n<p>\u00dcbersetzung der englischen Texte ins Spanische und Deutsche auf Anfrage erh\u00e4ltlich.<\/p>\r\n<p><em>F\u00fcr die Autorisierung der E-Books bitte Namen und Vornamen angeben. Bitte beachten Sie bei der Bestellung, dass E-Books aus urheberrechtlichen Gr\u00fcnden nicht ausgedruckt werden k\u00f6nnen und sie d\u00fcrfen auch nicht kopiert werden.<\/em><\/p>\r\n<p><!-- \/wp:paragraph -->\r\n\r\n<!-- wp:image {\"align\":\"left\",\"id\":5993,\"width\":\"247px\",\"height\":\"auto\",\"aspectRatio\":\"0.7072135785007072\",\"sizeSlug\":\"full\",\"linkDestination\":\"none\",\"className\":\"is-style-default\"} --><\/p>\r\n<figure class=\"wp-block-image alignleft size-full is-resized is-style-default\"><\/figure>\r\n<p><!-- \/wp:image -->\r\n\r\n<!-- wp:paragraph --><\/p>\r\n<!-- \/wp:paragraph -->\r\n\r\n<!-- wp:image {\"id\":5994,\"width\":\"247px\",\"height\":\"auto\",\"aspectRatio\":\"0.7072135785007072\",\"sizeSlug\":\"full\",\"linkDestination\":\"none\",\"align\":\"right\",\"className\":\"is-style-default\"} -->\r\n<figure class=\"wp-block-image alignright size-full is-resized is-style-default\"><\/figure>\r\n<!-- \/wp:image -->\r\n\r\n","protected":false},"excerpt":{"rendered":"<p>Bundle: Concert Castanets Virtuos &#8211; E-Books Concert Castanets III, IV, IX<\/p>\n<p> <a class=\"more-link\" href=\"https:\/\/kastagnette.com\/shop\/produkt\/bundle-concert-castanets-virtuos\/\">Weiterlesen<\/a><\/p>","protected":false},"featured_media":12905,"comment_status":"closed","ping_status":"closed","template":"","meta":[],"product_brand":[],"product_cat":[23,17],"product_tag":[80,24,19,20],"class_list":{"0":"post-12912","1":"product","2":"type-product","3":"status-publish","4":"has-post-thumbnail","6":"product_cat-e-book","7":"product_cat-noten","8":"product_tag-aktion","9":"product_tag-ebook","10":"product_tag-kastagnettennoten","11":"product_tag-noten","12":"pa_noten-ebook","14":"first","15":"instock","16":"sale","17":"virtual","18":"sold-individually","19":"purchasable","20":"product-type-simple"},"aioseo_notices":[],"_links":{"self":[{"href":"https:\/\/kastagnette.com\/shop\/wp-json\/wp\/v2\/product\/12912","targetHints":{"allow":["GET"]}}],"collection":[{"href":"https:\/\/kastagnette.com\/shop\/wp-json\/wp\/v2\/product"}],"about":[{"href":"https:\/\/kastagnette.com\/shop\/wp-json\/wp\/v2\/types\/product"}],"replies":[{"embeddable":true,"href":"https:\/\/kastagnette.com\/shop\/wp-json\/wp\/v2\/comments?post=12912"}],"wp:featuredmedia":[{"embeddable":true,"href":"https:\/\/kastagnette.com\/shop\/wp-json\/wp\/v2\/media\/12905"}],"wp:attachment":[{"href":"https:\/\/kastagnette.com\/shop\/wp-json\/wp\/v2\/media?parent=12912"}],"wp:term":[{"taxonomy":"product_brand","embeddable":true,"href":"https:\/\/kastagnette.com\/shop\/wp-json\/wp\/v2\/product_brand?post=12912"},{"taxonomy":"product_cat","embeddable":true,"href":"https:\/\/kastagnette.com\/shop\/wp-json\/wp\/v2\/product_cat?post=12912"},{"taxonomy":"product_tag","embeddable":true,"href":"https:\/\/kastagnette.com\/shop\/wp-json\/wp\/v2\/product_tag?post=12912"}],"curies":[{"name":"wp","href":"https:\/\/api.w.org\/{rel}","templated":true}]}}