{"id":64,"date":"2024-07-01T21:00:38","date_gmt":"2024-07-01T19:00:38","guid":{"rendered":"https:\/\/kastagnette.com\/shop\/?post_type=product&#038;p=64"},"modified":"2026-01-19T20:48:45","modified_gmt":"2026-01-19T19:48:45","slug":"audios-concert-castanets-i","status":"publish","type":"product","link":"https:\/\/kastagnette.com\/shop\/produkt\/audios-concert-castanets-i\/","title":{"rendered":"AUDIOS: Concert Castanets I"},"content":{"rendered":"<h3>Amparo de Triana spielt J. S. Bach &#8211;\u00a0 Kleine Pr\u00e4ludien, BWV 933 &#8211; 938:<\/h3>\n<p>Nach vielen Jahren intensiver Besch\u00e4ftigung mit den Konzertkastagnetten habe ich 2017 mit der Herausgabe von Notenb\u00e4nden der Reihe Konzertkastagnetten begonnen. Aus der gro\u00dfen Anzahl von St\u00fccken, die ich bereits geschrieben habe, habe ich f\u00fcr diese erste Ausgabe die 6 kleinen Pr\u00e4ludien von Johann Sebastian Bach, BWV 933 bis 938 ausgew\u00e4hlt. Ich hatte bereits bereits in den 1990er Jahren mit dem Pr\u00e4ludium in C-Dur BWV 933 begonnen. Am Ende dieses Bandes finden Sie eine zweistimmige Fassung des Pr\u00e4ludiums in d-Moll BWV 935.<\/p>\n<p>Dieses Album enth\u00e4lt Tonaufnahmen aller St\u00fccke des Notenbands Konzertkastagnetten I, zun\u00e4chst Kastagnetten plus Piano, dann Piano solo und schlie\u00dflich von den zweistimmigen St\u00fccken auch Piano &amp; 1. Kastagnettenstimme und Piano &amp; 2. Kastagnettenstimme, f\u00fcr Kastagnettenspieler, die die Notenb\u00e4nde studieren und spielen wollen.<\/p>\n<p>Amparo de Triana Kastagnetten<br \/>\nYoshimi Ogawa Klavier<br \/>\nKastagnetten Partituren: Amparo de Triana<\/p>\n<p><em>Erh\u00e4ltlich als MP3 Download oder als WAV-Dateien auf einem USB Stick per postalischem Versand.<\/em><\/p>\n<p>\u00dcbrigens: die Notenb\u00e4nde dieser Kastagnettenpartituren sind als E-Book und Print in diesem Shop erh\u00e4ltlich.<\/p>\n","protected":false},"excerpt":{"rendered":"<p>Amparo de Triana spielt J. S. Bach: Pr\u00e4ludien BWV 933 &#8211; 938:<\/p>\n<p>15 Musiktitel<\/p>\n<p> <a class=\"more-link\" href=\"https:\/\/kastagnette.com\/shop\/produkt\/audios-concert-castanets-i\/\">Weiterlesen<\/a><\/p>","protected":false},"featured_media":104,"comment_status":"closed","ping_status":"closed","template":"","meta":[],"product_brand":[],"product_cat":[26,25,27],"product_tag":[28,29,30,31],"class_list":{"0":"post-64","1":"product","2":"type-product","3":"status-publish","4":"has-post-thumbnail","6":"product_cat-mp3-download","7":"product_cat-musik","8":"product_cat-usb-stick","9":"product_tag-audios","10":"product_tag-mp3","11":"product_tag-tonaufnahmen","12":"product_tag-usb","13":"pa_music-mp3","14":"pa_music-usb","16":"first","17":"instock","18":"shipping-taxable","19":"purchasable","20":"product-type-variable"},"aioseo_notices":[],"_links":{"self":[{"href":"https:\/\/kastagnette.com\/shop\/wp-json\/wp\/v2\/product\/64","targetHints":{"allow":["GET"]}}],"collection":[{"href":"https:\/\/kastagnette.com\/shop\/wp-json\/wp\/v2\/product"}],"about":[{"href":"https:\/\/kastagnette.com\/shop\/wp-json\/wp\/v2\/types\/product"}],"replies":[{"embeddable":true,"href":"https:\/\/kastagnette.com\/shop\/wp-json\/wp\/v2\/comments?post=64"}],"wp:featuredmedia":[{"embeddable":true,"href":"https:\/\/kastagnette.com\/shop\/wp-json\/wp\/v2\/media\/104"}],"wp:attachment":[{"href":"https:\/\/kastagnette.com\/shop\/wp-json\/wp\/v2\/media?parent=64"}],"wp:term":[{"taxonomy":"product_brand","embeddable":true,"href":"https:\/\/kastagnette.com\/shop\/wp-json\/wp\/v2\/product_brand?post=64"},{"taxonomy":"product_cat","embeddable":true,"href":"https:\/\/kastagnette.com\/shop\/wp-json\/wp\/v2\/product_cat?post=64"},{"taxonomy":"product_tag","embeddable":true,"href":"https:\/\/kastagnette.com\/shop\/wp-json\/wp\/v2\/product_tag?post=64"}],"curies":[{"name":"wp","href":"https:\/\/api.w.org\/{rel}","templated":true}]}}