{"id":69,"date":"2024-06-12T21:00:39","date_gmt":"2024-06-12T19:00:39","guid":{"rendered":"https:\/\/kastagnette.com\/shop\/?post_type=product&#038;p=69"},"modified":"2026-01-19T21:11:27","modified_gmt":"2026-01-19T20:11:27","slug":"concert-castanets-iii","status":"publish","type":"product","link":"https:\/\/kastagnette.com\/shop\/produkt\/concert-castanets-iii\/","title":{"rendered":"Concert Castanets III"},"content":{"rendered":"\r\n<h3 class=\"wp-block-heading\"><strong>Concert Castanets III:<\/strong><mark class=\"has-inline-color\"><\/mark><\/h3>\r\n\r\n\r\n\r\n<p>9 Kastagnettenstimmen zu Lyrischen St\u00fccken von Edvard Grieg mit virtuosem Charakter, 8 Solos und eine zweistimmiges Partitur.<\/p>\r\n\r\n\r\n\r\n<p class=\"has-text-align-left\">Hier ein <strong>Auszug aus dem Vorwort<\/strong>: Mein sehr gesch\u00e4tzter Lehrer Jos\u00e9 de Udaeta, T\u00e4nzer, Choreograph und Kastagnettenvirtuose, hatte eine hinrei\u00dfende Kastagnettenstimme zu dem Klavierst\u00fcck Elfentanz geschrieben und damit meine Begeisterung f\u00fcr die Lyrischen St\u00fccke von Edvard Grieg geweckt. Edvard Grieg hat 66 St\u00fccke f\u00fcr Klavier in 10 B\u00fcchern ver\u00f6ffentlicht, eine gro\u00dfe Auswahl an poetischen Klavierst\u00fccken, die mich sehr inspiriert haben. In Konzertkastagnetten III finden Sie 8 Kastagnettenpartituren zu ausgew\u00e4hlten Lyrischen St\u00fccken, dazu geh\u00f6ren auch das erste und das letzte St\u00fcck der Sammlung, die Arietta und Nachkl\u00e4nge. Der Kanon am Ende dieses Buches ist f\u00fcr 2 Stimmen geschrieben. Die Kastagnettenstimmen sind f\u00fcr sehr fortgeschrittene Kastagnettenspieler gedacht.<\/p>\r\n<p class=\"has-text-align-left\">2. Auflage als E-Book (inklusive der vollst\u00e4ndigen Partitur, Kastagnette &amp; Piano)<\/p>\r\n<p><em>F\u00fcr die Autorisierung des E-Books bitte Namen und Vornamen angeben. Bitte beachten Sie bei der Bestellung, dass E-Books aus urheberrechtlichen Gr\u00fcnden nicht ausgedruckt werden k\u00f6nnen und sie d\u00fcrfen auch nicht kopiert werden.<\/em><\/p>\r\n<p>\u00dcbrigens: die Notenb\u00e4nde sind auch noch in der 1. Auflage als Print in diesem Shop erh\u00e4ltlich, au\u00dferdem gibt es Audioaufnahmen der 3 B\u00e4nde. \u00dcbersetzung der englischen Texte ins Spanische und Deutsche auf Anfrage erh\u00e4ltlich.<\/p>\r\n<p>Die Partituren meiner zahlreichen Notenb\u00e4nde k\u00f6nnen \u2013 mit wenigen Ausnahmen \u2013 auch einzeln als PDF bestellt werden. Eine <a href=\"https:\/\/kastagnette.com\/shop\/wp-content\/uploads\/sites\/6\/2025\/07\/Titelliste_CC_III.pdf\" target=\"_blank\" rel=\"noopener\"><em>Liste der Partituren dieses Notenbandes <\/em><\/a>mit den jeweiligen Preisen finden Sie hier. Wenn Sie Interesse haben, schicken sie uns einfach <em><a href=\"https:\/\/kastagnette.com\/shop\/contact\/\" target=\"_blank\" rel=\"noopener\">eine E-Mail<\/a><\/em> mit der Angabe, welcher Titel aus diesem Notenband Sie interessiert.<\/p>\r\n\r\n\r\n","protected":false},"excerpt":{"rendered":"<p>9 Kastagnettenstimmen zu Lyrischen St\u00fccken von Edvard Grieg mit virtuosem Charakter, 8 Solos und eine zweistimmiges Partitur, als E-Book inklusive der vollst\u00e4ndigen Partitur: Kastagnette &amp; Piano<\/p>\n<p>61 Seiten<\/p>\n<p> <a class=\"more-link\" href=\"https:\/\/kastagnette.com\/shop\/produkt\/concert-castanets-iii\/\">Weiterlesen<\/a><\/p>","protected":false},"featured_media":12420,"comment_status":"closed","ping_status":"closed","template":"","meta":[],"product_brand":[],"product_cat":[23,17],"product_tag":[24,19,20],"class_list":{"0":"post-69","1":"product","2":"type-product","3":"status-publish","4":"has-post-thumbnail","6":"product_cat-e-book","7":"product_cat-noten","8":"product_tag-ebook","9":"product_tag-kastagnettennoten","10":"product_tag-noten","11":"pa_noten-ebook","13":"first","14":"instock","15":"virtual","16":"sold-individually","17":"purchasable","18":"product-type-simple"},"aioseo_notices":[],"_links":{"self":[{"href":"https:\/\/kastagnette.com\/shop\/wp-json\/wp\/v2\/product\/69","targetHints":{"allow":["GET"]}}],"collection":[{"href":"https:\/\/kastagnette.com\/shop\/wp-json\/wp\/v2\/product"}],"about":[{"href":"https:\/\/kastagnette.com\/shop\/wp-json\/wp\/v2\/types\/product"}],"replies":[{"embeddable":true,"href":"https:\/\/kastagnette.com\/shop\/wp-json\/wp\/v2\/comments?post=69"}],"wp:featuredmedia":[{"embeddable":true,"href":"https:\/\/kastagnette.com\/shop\/wp-json\/wp\/v2\/media\/12420"}],"wp:attachment":[{"href":"https:\/\/kastagnette.com\/shop\/wp-json\/wp\/v2\/media?parent=69"}],"wp:term":[{"taxonomy":"product_brand","embeddable":true,"href":"https:\/\/kastagnette.com\/shop\/wp-json\/wp\/v2\/product_brand?post=69"},{"taxonomy":"product_cat","embeddable":true,"href":"https:\/\/kastagnette.com\/shop\/wp-json\/wp\/v2\/product_cat?post=69"},{"taxonomy":"product_tag","embeddable":true,"href":"https:\/\/kastagnette.com\/shop\/wp-json\/wp\/v2\/product_tag?post=69"}],"curies":[{"name":"wp","href":"https:\/\/api.w.org\/{rel}","templated":true}]}}