{"id":70,"date":"2024-07-02T21:00:39","date_gmt":"2024-07-02T19:00:39","guid":{"rendered":"https:\/\/kastagnette.com\/shop\/?post_type=product&#038;p=70"},"modified":"2026-01-19T20:51:06","modified_gmt":"2026-01-19T19:51:06","slug":"audios-concert-castanets-iii","status":"publish","type":"product","link":"https:\/\/kastagnette.com\/shop\/produkt\/audios-concert-castanets-iii\/","title":{"rendered":"AUDIOS: Concert Castanets III"},"content":{"rendered":"<h3>Amparo de Triana spielt Lyrische St\u00fccke von Edvard Grieg:<\/h3>\n<p>Mein sehr gesch\u00e4tzter Lehrer Jos\u00e9 de Udaeta, T\u00e4nzer, Choreograph und Kastagnettenvirtuose, hatte eine hinrei\u00dfende Kastagnettenstimme zu dem Klavierst\u00fcck Elfentanz geschrieben und damit meine Begeisterung f\u00fcr die Lyrischen St\u00fccke von Edvard Grieg geweckt. Grieg ver\u00f6ffentlichte 66 St\u00fccke f\u00fcr Klavier in 10 B\u00fcchern, eine gro\u00dfe Auswahl an poetischen Klavierst\u00fccken, die mich sehr inspiriert hat. In Concert Castanets III spiele ich 9 Kastagnettenpartituren zu ausgew\u00e4hlten Lyrischen St\u00fccken, darunter das erste und letzte St\u00fcck der Sammlung, die Arietta und Remembrances. Der Kanon am Ende dieses Albums ist zweistimmig. Es sind sehr virtuose Kastagnettenst\u00fccke.<\/p>\n<p>Dieses Album enth\u00e4lt Tonaufnahmen aller St\u00fccke des Notenbands Konzertkastagnetten III, zun\u00e4chst Kastagnetten plus Piano, dann Piano solo und schlie\u00dflich von dem zweistimmigen St\u00fcck auch Piano &amp; 1. Kastagnettenstimme und Piano &amp; 2. Kastagnettenstimme, f\u00fcr Kastagnettenspieler, die die Notenb\u00e4nde studieren und spielen wollen.<\/p>\n<p>Amparo de Triana Kastagnetten<br \/>\nYoshimi Ogawa Piano<br \/>\nKastagnetten Partituren: Amparo de Triana<\/p>\n<p><em>Erh\u00e4ltlich als MP3 Download oder als WAV-Dateien auf einem USB Stick per postalischem Versand.<\/em><\/p>\n<p>\u00dcbrigens: der Notenband dieser Kastagnettenpartituren ist als E-Book und Print in diesem Shop erh\u00e4ltlich.<\/p>\n","protected":false},"excerpt":{"rendered":"<p>Amparo de Triana spielt Lyrische St\u00fccke von Edvard Grieg<\/p>\n<p>20 Musiktitel<\/p>\n<p> <a class=\"more-link\" href=\"https:\/\/kastagnette.com\/shop\/produkt\/audios-concert-castanets-iii\/\">Weiterlesen<\/a><\/p>","protected":false},"featured_media":108,"comment_status":"closed","ping_status":"closed","template":"","meta":[],"product_brand":[],"product_cat":[26,25,27],"product_tag":[28,29,30,31],"class_list":{"0":"post-70","1":"product","2":"type-product","3":"status-publish","4":"has-post-thumbnail","6":"product_cat-mp3-download","7":"product_cat-musik","8":"product_cat-usb-stick","9":"product_tag-audios","10":"product_tag-mp3","11":"product_tag-tonaufnahmen","12":"product_tag-usb","13":"pa_music-mp3","14":"pa_music-usb","16":"first","17":"instock","18":"shipping-taxable","19":"purchasable","20":"product-type-variable"},"aioseo_notices":[],"_links":{"self":[{"href":"https:\/\/kastagnette.com\/shop\/wp-json\/wp\/v2\/product\/70","targetHints":{"allow":["GET"]}}],"collection":[{"href":"https:\/\/kastagnette.com\/shop\/wp-json\/wp\/v2\/product"}],"about":[{"href":"https:\/\/kastagnette.com\/shop\/wp-json\/wp\/v2\/types\/product"}],"replies":[{"embeddable":true,"href":"https:\/\/kastagnette.com\/shop\/wp-json\/wp\/v2\/comments?post=70"}],"wp:featuredmedia":[{"embeddable":true,"href":"https:\/\/kastagnette.com\/shop\/wp-json\/wp\/v2\/media\/108"}],"wp:attachment":[{"href":"https:\/\/kastagnette.com\/shop\/wp-json\/wp\/v2\/media?parent=70"}],"wp:term":[{"taxonomy":"product_brand","embeddable":true,"href":"https:\/\/kastagnette.com\/shop\/wp-json\/wp\/v2\/product_brand?post=70"},{"taxonomy":"product_cat","embeddable":true,"href":"https:\/\/kastagnette.com\/shop\/wp-json\/wp\/v2\/product_cat?post=70"},{"taxonomy":"product_tag","embeddable":true,"href":"https:\/\/kastagnette.com\/shop\/wp-json\/wp\/v2\/product_tag?post=70"}],"curies":[{"name":"wp","href":"https:\/\/api.w.org\/{rel}","templated":true}]}}