{"id":71,"date":"2024-09-10T21:00:39","date_gmt":"2024-09-10T19:00:39","guid":{"rendered":"https:\/\/kastagnette.com\/shop\/?post_type=product&#038;p=71"},"modified":"2026-01-19T20:43:22","modified_gmt":"2026-01-19T19:43:22","slug":"cd-concert-castanets-i-iii-pianobegleitung","status":"publish","type":"product","link":"https:\/\/kastagnette.com\/shop\/produkt\/cd-concert-castanets-i-iii-pianobegleitung\/","title":{"rendered":"CD Concert Castanets I &#8211; III Pianobegleitung"},"content":{"rendered":"<h3>Yoshini Ogawa spielt die Klavierstimmen zu den Notenb\u00e4nden Konzertkastagnetten I &#8211; III<\/h3>\r\n<p>Klavieraufnahmen f\u00fcr alle Werke aus den B\u00e4nden Konzertkastagnetten I -III von Amparo de Triana: <strong>3 Alben mit 24 Solos und 3 Kastagnettenduos <\/strong><\/p>\r\n<p><span style=\"color: #871687\"><strong>Concert Castanets I:\u00a0<\/strong><\/span>\u00a0 6 kleine Pr\u00e4ludien von J. S. Bach, BWV 933 bis 938, plus von der zweistimmigen Version des Pr\u00e4ludiums einmal Piano mit 1. Kastagnettenstimme und einmal Piano mit 2. Kastagnettenstimme.<\/p>\r\n<!-- \/wp:post-content --><!-- \/wp:paragraph -->\r\n\r\n<!-- wp:media-text {\"align\":\"wide\",\"mediaId\":4801,\"mediaType\":\"image\",\"mediaWidth\":30,\"className\":\"is-style-default\"} --><!-- \/wp:media-text -->\r\n\r\n<!-- wp:spacer {\"height\":\"15px\"} -->\r\n<p class=\"wp-block-spacer\" aria-hidden=\"true\"><span style=\"color: #115c11\"><strong>Concert Castanets II: <\/strong><\/span>10 kurze Werke von Burgm\u00fcller, L. Mozart, Purcell, Lully, J. S. Bach, Petzold, Beethoven und H\u00e4ndel, plus von der zweistimmigen Version der 6 Ecossaises von Beethoven einmal Piano mit 1. Kastagnettenstimme und einmal Piano mit 2. Kastagnettenstimme.<\/p>\r\n<div class=\"wp-block-media-text__content\"><!-- \/wp:spacer --><\/div>\r\n<!-- \/wp:media-text -->\r\n\r\n<!-- wp:spacer {\"height\":\"15px\"} -->\r\n<p class=\"wp-block-spacer\" aria-hidden=\"true\"><span style=\"color: #09ab5a\"><strong>Concert Castanets III: <\/strong><\/span>Konzertkastagnetten zu 9 Lyrischen St\u00fccken von Edvard Grieg mit virtuosem Charakter, 8 Solos und ein zweistimmiges St\u00fcck, plus von dem zweistimmigen Kanon einmal Piano mit 1. Kastagnettenstimme und einmal Piano mit 2. Kastagnettenstimme.<\/p>\r\n<p aria-hidden=\"true\"><em>Erh\u00e4ltlich als CD oder als WAV-Dateien auf einem USB Stick per postalischem Versand.<\/em><\/p>\r\n<div class=\"wp-block-media-text alignwide is-stacked-on-mobile\">\r\n<div class=\"wp-block-media-text__content\"><!-- \/wp:paragraph --><\/div>\r\n<\/div>\r\n<!-- \/wp:spacer -->\r\n\r\n<!-- wp:paragraph -->\r\n<p>\u00dcbrigens: die Notenb\u00e4nde dieser Kastagnettenpartituren sind als E-Books (1. Auflage) und Print (2.Auflage) in diesem Shop erh\u00e4ltlich.<\/p>","protected":false},"excerpt":{"rendered":"<p>Yoshini Ogawa spielt die Klavierstimmen zu Konzertkastagnetten I &#8211; III von Amparo de Triana<\/p>\n<p>32 Musiktitel<\/p>\n<p> <a class=\"more-link\" href=\"https:\/\/kastagnette.com\/shop\/produkt\/cd-concert-castanets-i-iii-pianobegleitung\/\">Weiterlesen<\/a><\/p>","protected":false},"featured_media":12242,"comment_status":"closed","ping_status":"closed","template":"","meta":[],"product_brand":[],"product_cat":[32,25,27],"product_tag":[28,33,34,30,31],"class_list":{"0":"post-71","1":"product","2":"type-product","3":"status-publish","4":"has-post-thumbnail","6":"product_cat-cds","7":"product_cat-musik","8":"product_cat-usb-stick","9":"product_tag-audios","10":"product_tag-cd","11":"product_tag-musik","12":"product_tag-tonaufnahmen","13":"product_tag-usb","14":"pa_music-cd","15":"pa_music-usb","17":"first","18":"instock","19":"shipping-taxable","20":"purchasable","21":"product-type-variable"},"aioseo_notices":[],"_links":{"self":[{"href":"https:\/\/kastagnette.com\/shop\/wp-json\/wp\/v2\/product\/71","targetHints":{"allow":["GET"]}}],"collection":[{"href":"https:\/\/kastagnette.com\/shop\/wp-json\/wp\/v2\/product"}],"about":[{"href":"https:\/\/kastagnette.com\/shop\/wp-json\/wp\/v2\/types\/product"}],"replies":[{"embeddable":true,"href":"https:\/\/kastagnette.com\/shop\/wp-json\/wp\/v2\/comments?post=71"}],"wp:featuredmedia":[{"embeddable":true,"href":"https:\/\/kastagnette.com\/shop\/wp-json\/wp\/v2\/media\/12242"}],"wp:attachment":[{"href":"https:\/\/kastagnette.com\/shop\/wp-json\/wp\/v2\/media?parent=71"}],"wp:term":[{"taxonomy":"product_brand","embeddable":true,"href":"https:\/\/kastagnette.com\/shop\/wp-json\/wp\/v2\/product_brand?post=71"},{"taxonomy":"product_cat","embeddable":true,"href":"https:\/\/kastagnette.com\/shop\/wp-json\/wp\/v2\/product_cat?post=71"},{"taxonomy":"product_tag","embeddable":true,"href":"https:\/\/kastagnette.com\/shop\/wp-json\/wp\/v2\/product_tag?post=71"}],"curies":[{"name":"wp","href":"https:\/\/api.w.org\/{rel}","templated":true}]}}