{"id":72,"date":"2024-09-14T21:00:39","date_gmt":"2024-09-14T19:00:39","guid":{"rendered":"https:\/\/kastagnette.com\/shop\/?post_type=product&#038;p=72"},"modified":"2026-01-19T20:41:57","modified_gmt":"2026-01-19T19:41:57","slug":"cd-concert-castanets-i-iii","status":"publish","type":"product","link":"https:\/\/kastagnette.com\/shop\/produkt\/cd-concert-castanets-i-iii\/","title":{"rendered":"CD Concert Castanets I -III"},"content":{"rendered":"<h3>Konzertkastagnetten mit Amparo de Triana:<\/h3>\r\n<p><strong>Amparo de Triana<\/strong> &#8211; Konzertkastagnetten <strong>Yoshimi Ogawa<\/strong> &#8211; Piano<\/p>\r\n<!-- \/wp:post-content -->\r\n\r\n<!-- wp:paragraph {\"align\":\"left\"} -->\r\n<p><strong>3 Alben mit 24 Solos und 3 Kastagnettenduos <\/strong><\/p>\r\n<p><strong><span style=\"color: #871687\">Concert Castanets I:\u00a0<\/span><\/strong><span style=\"color: #871687\">\u00a0<\/span> Konzertkastagnetten f\u00fcr die 6 kleinen Pr\u00e4ludien von J. S. Bach, BWV 933 bis 938 und ein Kastagnettenduo.<\/p>\r\n<!-- \/wp:paragraph --><!-- \/wp:paragraph -->\r\n\r\n<!-- wp:media-text {\"align\":\"wide\",\"mediaId\":4801,\"mediaType\":\"image\",\"mediaWidth\":30,\"className\":\"is-style-default\"} --><!-- \/wp:media-text -->\r\n\r\n<!-- wp:spacer {\"height\":\"15px\"} -->\r\n<p class=\"wp-block-spacer\" aria-hidden=\"true\"><strong><span style=\"color: #115c11\">Concert Castanets II:<\/span> <\/strong>Konzertkastagnetten f\u00fcr 10 kurze Werke von Burgm\u00fcller, L. Mozart, Purcell, Lully, J. S. Bach, Petzold, Beethoven und H\u00e4ndel plus ein\u00a0Kastagnettenduo.<\/p>\r\n<div class=\"wp-block-media-text__content\"><!-- \/wp:spacer --><\/div>\r\n<!-- \/wp:media-text -->\r\n\r\n<!-- wp:spacer {\"height\":\"15px\"} -->\r\n<p class=\"wp-block-spacer\" aria-hidden=\"true\"><strong><span style=\"color: #09ab5a\">Concert Castanets III:<\/span> <\/strong>Konzertkastagnetten zu 9 Lyrischen St\u00fccken von Edvard Grieg mit virtuosem Charakter, 8 Solos und ein zweistimmiges St\u00fcck.<\/p>\r\n<p aria-hidden=\"true\"><em>Erh\u00e4ltlich als CD oder als WAV-Dateien auf einem USB Stick per postalischem Versand. <br \/><\/em><\/p>\r\n<div class=\"wp-block-media-text alignwide is-stacked-on-mobile\">\r\n<div class=\"wp-block-media-text__content\"><!-- \/wp:paragraph --><\/div>\r\n<\/div>\r\n<!-- \/wp:spacer -->\r\n\r\n<!-- wp:paragraph -->\r\n<p>\u00dcbrigens: die Notenb\u00e4nde dieser Kastagnettenpartituren sind als E-Books (1. Auflage) und Print (2.Auflage) in diesem Shop erh\u00e4ltlich.<\/p>","protected":false},"excerpt":{"rendered":"<p>Konzertkastagnetten mit Amparo de Triana: alle St\u00fccke der Notenb\u00e4nde Konzertkastagnetten I -III<\/p>\n<p>28 Musiktitel<\/p>\n<p> <a class=\"more-link\" href=\"https:\/\/kastagnette.com\/shop\/produkt\/cd-concert-castanets-i-iii\/\">Weiterlesen<\/a><\/p>","protected":false},"featured_media":12241,"comment_status":"closed","ping_status":"closed","template":"","meta":[],"product_brand":[],"product_cat":[32,25,27],"product_tag":[28,33,34,30,31],"class_list":{"0":"post-72","1":"product","2":"type-product","3":"status-publish","4":"has-post-thumbnail","6":"product_cat-cds","7":"product_cat-musik","8":"product_cat-usb-stick","9":"product_tag-audios","10":"product_tag-cd","11":"product_tag-musik","12":"product_tag-tonaufnahmen","13":"product_tag-usb","14":"pa_music-cd","15":"pa_music-usb","17":"first","18":"instock","19":"featured","20":"shipping-taxable","21":"purchasable","22":"product-type-variable"},"aioseo_notices":[],"_links":{"self":[{"href":"https:\/\/kastagnette.com\/shop\/wp-json\/wp\/v2\/product\/72","targetHints":{"allow":["GET"]}}],"collection":[{"href":"https:\/\/kastagnette.com\/shop\/wp-json\/wp\/v2\/product"}],"about":[{"href":"https:\/\/kastagnette.com\/shop\/wp-json\/wp\/v2\/types\/product"}],"replies":[{"embeddable":true,"href":"https:\/\/kastagnette.com\/shop\/wp-json\/wp\/v2\/comments?post=72"}],"wp:featuredmedia":[{"embeddable":true,"href":"https:\/\/kastagnette.com\/shop\/wp-json\/wp\/v2\/media\/12241"}],"wp:attachment":[{"href":"https:\/\/kastagnette.com\/shop\/wp-json\/wp\/v2\/media?parent=72"}],"wp:term":[{"taxonomy":"product_brand","embeddable":true,"href":"https:\/\/kastagnette.com\/shop\/wp-json\/wp\/v2\/product_brand?post=72"},{"taxonomy":"product_cat","embeddable":true,"href":"https:\/\/kastagnette.com\/shop\/wp-json\/wp\/v2\/product_cat?post=72"},{"taxonomy":"product_tag","embeddable":true,"href":"https:\/\/kastagnette.com\/shop\/wp-json\/wp\/v2\/product_tag?post=72"}],"curies":[{"name":"wp","href":"https:\/\/api.w.org\/{rel}","templated":true}]}}