{"id":73,"date":"2024-09-15T10:00:40","date_gmt":"2024-09-15T08:00:40","guid":{"rendered":"https:\/\/kastagnette.com\/shop\/?post_type=product&#038;p=73"},"modified":"2026-01-19T21:10:16","modified_gmt":"2026-01-19T20:10:16","slug":"concert-castanets-iv","status":"publish","type":"product","link":"https:\/\/kastagnette.com\/shop\/produkt\/concert-castanets-iv\/","title":{"rendered":"Concert Castanets IV"},"content":{"rendered":"\r\n<h3>Concert Castanets IV:<\/h3>\r\n<p>8 Kastagnettenstimmen Solo zu St\u00fccken aus den beiden Carmen Suiten von Georges Bizet mit virtuosem Charakter plus eine zweistimmige Partitur.<\/p>\r\n\r\n\r\n\r\n\r\n\r\n<p>Hier ein <strong>Auszug aus dem Vorwort<\/strong>: Der 1838 in Paris geborene<strong> Georges Bizet<\/strong> erlebte den gro\u00dfen Erfolg seiner Oper <strong>Carmen<\/strong> nicht mehr, denn er starb fr\u00fch am 3. Juni 1875. Diese Oper basiert auf der gleichnamigen Novelle von Prosper M\u00e9rim\u00e9e aus dem Jahr 1846. Die Urauff\u00fchrung am 3. M\u00e4rz 1975 an der Op\u00e9ra Comique in Paris war kein Erfolg, im Gegenteil, das Publikum war schockiert von dieser freigeistigen und sinnlichen Carmen, der realistischen Milieuschilderung, dem Drama und der Trag\u00f6die. Nichtsdestotrotz waren einige Kritiker und Komponistenkollegen wie Debussy, Saint-Sa\u00ebns, Tschaikowsky, Brahms und sogar Nietzsche von diesem St\u00fcck sehr \u00fcberzeugt und sie bekamen Recht. Nach der Urauff\u00fchrung in Wien im Oktober 1875 begann der gro\u00dfe Erfolg. Diese Oper ist heute eine der bekanntesten und meistgespielten der Welt. Die beiden Carmen-Suiten wurden posthum von Bizets Freund Ernest Guiraud zusammengestellt und halten sich eng an Bizets Orchestrierung. Die Reihenfolge der St\u00fccke entspricht jedoch nicht der Reihenfolge in der Oper. Ich habe f\u00fcr diesen Band <strong>8 St\u00fccke aus den 2 Carmen-Suiten <\/strong>ausgew\u00e4hlt. Das Pr\u00e4ludium aus der Oper Carmen besteht aus &#8216;Les Toreadors&#8217; und dem anschlie\u00dfenden &#8216;Andante Moderato&#8217;. &#8216;Les Toreadors&#8217; wird im 4. Akt der Oper noch einmal gespielt, weshalb Sie am Ende des Bandes neben der Soloversion auch eine zweistimmige Version dieses St\u00fcckes finden.<\/p>\r\n<p>F\u00fcr die Begleitmusik finden Sie eine Playlist in meinem <em><a title=\"\" href=\"https:\/\/www.youtube.com\/@amparodetriana\" target=\"_blank\" rel=\"noopener\">Youtube Account<\/a><\/em>. \u00a0<\/p>\r\n<p>Dieser Notenband ist als E-Book und Print erh\u00e4ltlich. \u00dcbersetzung der englischen Texte ins Spanische und Deutsche auf Anfrage erh\u00e4ltlich.<\/p>\r\n<p><em>Bei Bestellung des E-Books f\u00fcr die Autorisierung bitte Namen und Vornamen angeben. Bitte beachten Sie bei der Bestellung, dass E-Books aus urheberrechtlichen Gr\u00fcnden nicht ausgedruckt werden k\u00f6nnen und sie d\u00fcrfen auch nicht kopiert werden.<\/em><\/p>\r\n<p>Die Partituren meiner zahlreichen Notenb\u00e4nde k\u00f6nnen \u2013 mit wenigen Ausnahmen \u2013 auch einzeln als PDF bestellt werden. Eine <a href=\"https:\/\/kastagnette.com\/shop\/wp-content\/uploads\/sites\/6\/2025\/07\/Titelliste_CC_IV.pdf\" target=\"_blank\" rel=\"noopener\"><em>Liste der Partituren dieses Notenbandes <\/em><\/a>mit den jeweiligen Preisen finden Sie hier. Wenn Sie Interesse haben, schicken sie uns einfach <em><a href=\"https:\/\/kastagnette.com\/shop\/contact\/\" target=\"_blank\" rel=\"noopener\">eine E-Mail<\/a> <\/em>mit der Angabe, welcher Titel aus diesem Notenband Sie interessiert.<\/p>\r\n","protected":false},"excerpt":{"rendered":"<p>8 Kastagnettenstimmen Solo zu St\u00fccken aus den beiden Carmen Suiten von Georges Bizet mit virtuosem Charakter plus eine zweistimmige Partitur, als Print und als E-Book.<\/p>\n<p>37 Seiten<\/p>\n<p> <a class=\"more-link\" href=\"https:\/\/kastagnette.com\/shop\/produkt\/concert-castanets-iv\/\">Weiterlesen<\/a><\/p>","protected":false},"featured_media":12421,"comment_status":"closed","ping_status":"closed","template":"","meta":[],"product_brand":[],"product_cat":[23,17,18],"product_tag":[24,19,20],"class_list":{"0":"post-73","1":"product","2":"type-product","3":"status-publish","4":"has-post-thumbnail","6":"product_cat-e-book","7":"product_cat-noten","8":"product_cat-notenband","9":"product_tag-ebook","10":"product_tag-kastagnettennoten","11":"product_tag-noten","12":"pa_noten-ebook","13":"pa_noten-notenband","15":"first","16":"instock","17":"shipping-taxable","18":"purchasable","19":"product-type-variable"},"aioseo_notices":[],"_links":{"self":[{"href":"https:\/\/kastagnette.com\/shop\/wp-json\/wp\/v2\/product\/73","targetHints":{"allow":["GET"]}}],"collection":[{"href":"https:\/\/kastagnette.com\/shop\/wp-json\/wp\/v2\/product"}],"about":[{"href":"https:\/\/kastagnette.com\/shop\/wp-json\/wp\/v2\/types\/product"}],"replies":[{"embeddable":true,"href":"https:\/\/kastagnette.com\/shop\/wp-json\/wp\/v2\/comments?post=73"}],"wp:featuredmedia":[{"embeddable":true,"href":"https:\/\/kastagnette.com\/shop\/wp-json\/wp\/v2\/media\/12421"}],"wp:attachment":[{"href":"https:\/\/kastagnette.com\/shop\/wp-json\/wp\/v2\/media?parent=73"}],"wp:term":[{"taxonomy":"product_brand","embeddable":true,"href":"https:\/\/kastagnette.com\/shop\/wp-json\/wp\/v2\/product_brand?post=73"},{"taxonomy":"product_cat","embeddable":true,"href":"https:\/\/kastagnette.com\/shop\/wp-json\/wp\/v2\/product_cat?post=73"},{"taxonomy":"product_tag","embeddable":true,"href":"https:\/\/kastagnette.com\/shop\/wp-json\/wp\/v2\/product_tag?post=73"}],"curies":[{"name":"wp","href":"https:\/\/api.w.org\/{rel}","templated":true}]}}