{"id":74,"date":"2024-09-16T21:00:40","date_gmt":"2024-09-16T19:00:40","guid":{"rendered":"https:\/\/kastagnette.com\/shop\/?post_type=product&#038;p=74"},"modified":"2026-01-19T21:09:39","modified_gmt":"2026-01-19T20:09:39","slug":"concert-castanets-v","status":"publish","type":"product","link":"https:\/\/kastagnette.com\/shop\/produkt\/concert-castanets-v\/","title":{"rendered":"Concert Castanets V"},"content":{"rendered":"\r\n<h3>Concert Castanets V<\/h3>\r\n<p>14 Kastagnettenstimmen Solo f\u00fcr <strong>Anf\u00e4nger mit geringen Vorkenntnissen im Kastagnettenspiel aber guter musikalischer Vorbildung<\/strong> plus eine zweistimmige reine Kastagnettenpartitur von mir.<\/p>\r\n\r\n\r\n\r\n\r\n\r\n<p>Hier ein <strong>Auszug aus dem Vorwort<\/strong>: Dieser f\u00fcnfte Band der Reihe Konzertkastagnetten enth\u00e4lt Kastagnettenpartituren f\u00fcr Kompositionen von C. Sanz, J. S. Bach, L. Mozart, J. Haydn, F. Schubert, F. Chopin, E. Satie, S. Joplin, A. Khachaturian, D. Shostakovich und W. Gillock. Diese Partituren sind <strong>anspruchsvolle Kastagnettenpartituren ohne &#8216;carretillas resbaladas&#8217;<\/strong> f\u00fcr Kastagnettenanf\u00e4nger mit geringen Vorkenntnissen, aber einem guten musikalischen Hintergrund. Au\u00dferdem habe ich f\u00fcr diesen Band eine zweiteilige Kastagnettenpartitur geschrieben, d.h. ein Duett nur f\u00fcr Konzertkastagnetten. Zuerst die komplette Kastagnettenpartitur und dann die beiden Einzelstimmen. Alle St\u00fccke sind musikalisch und rhythmisch anspruchsvoller als St\u00fccke, die man normalerweise f\u00fcr Anf\u00e4nger findet.<\/p>\r\n<p>F\u00fcr die Begleitmusik finden Sie eine Playlist in meinem <em><a title=\"\" href=\"https:\/\/www.youtube.com\/@amparodetriana\" target=\"_blank\" rel=\"noopener\">Youtube Account<\/a><\/em>.<\/p>\r\n<p>Dieser Notenband ist als E-Book und Print erh\u00e4ltlich. \u00dcbersetzung der englischen Texte ins Spanische und Deutsche auf Anfrage erh\u00e4ltlich.<\/p>\r\n<p><em>Bei Bestellung des E-Books f\u00fcr die Autorisierung bitte Namen und Vornamen angeben. Bitte beachten Sie bei der Bestellung, dass E-Books aus urheberrechtlichen Gr\u00fcnden nicht ausgedruckt werden k\u00f6nnen und sie d\u00fcrfen auch nicht kopiert werden.<\/em><\/p>\r\n<p>Die Partituren meiner zahlreichen Notenb\u00e4nde k\u00f6nnen \u2013 mit wenigen Ausnahmen \u2013 auch einzeln als PDF bestellt werden. Eine <a href=\"https:\/\/kastagnette.com\/shop\/wp-content\/uploads\/sites\/6\/2025\/07\/Titelliste_CC_V.pdf\" target=\"_blank\" rel=\"noopener\"><em>L<\/em><em>iste der <\/em><em>Partituren dieses Notenbandes <\/em><\/a>mit den jeweiligen Preisen finden Sie hier. Wenn Sie Interesse haben, schicken sie uns einfach <a href=\"https:\/\/kastagnette.com\/shop\/contact\/\" target=\"_blank\" rel=\"noopener\"><em>eine E-Mail<\/em><\/a> mit der Angabe, welcher Titel aus diesem Notenband Sie interessiert.<\/p>\r\n","protected":false},"excerpt":{"rendered":"<p>14 Kastagnettenstimmen Solo f\u00fcr <strong>Anf\u00e4nger mit geringen Vorkenntnissen im Kastagnettenspiel aber guter musikalischer Vorbildung<\/strong> plus eine zweistimmige reine Kastagnettenpartitur als Print und als E-Book.<\/p>\n<p>33 Seiten<\/p>\n<p> <a class=\"more-link\" href=\"https:\/\/kastagnette.com\/shop\/produkt\/concert-castanets-v\/\">Weiterlesen<\/a><\/p>","protected":false},"featured_media":12412,"comment_status":"closed","ping_status":"closed","template":"","meta":[],"product_brand":[],"product_cat":[23,17,18],"product_tag":[24,19,20],"class_list":{"0":"post-74","1":"product","2":"type-product","3":"status-publish","4":"has-post-thumbnail","6":"product_cat-e-book","7":"product_cat-noten","8":"product_cat-notenband","9":"product_tag-ebook","10":"product_tag-kastagnettennoten","11":"product_tag-noten","12":"pa_noten-ebook","13":"pa_noten-notenband","15":"first","16":"instock","17":"shipping-taxable","18":"purchasable","19":"product-type-variable"},"aioseo_notices":[],"_links":{"self":[{"href":"https:\/\/kastagnette.com\/shop\/wp-json\/wp\/v2\/product\/74","targetHints":{"allow":["GET"]}}],"collection":[{"href":"https:\/\/kastagnette.com\/shop\/wp-json\/wp\/v2\/product"}],"about":[{"href":"https:\/\/kastagnette.com\/shop\/wp-json\/wp\/v2\/types\/product"}],"replies":[{"embeddable":true,"href":"https:\/\/kastagnette.com\/shop\/wp-json\/wp\/v2\/comments?post=74"}],"wp:featuredmedia":[{"embeddable":true,"href":"https:\/\/kastagnette.com\/shop\/wp-json\/wp\/v2\/media\/12412"}],"wp:attachment":[{"href":"https:\/\/kastagnette.com\/shop\/wp-json\/wp\/v2\/media?parent=74"}],"wp:term":[{"taxonomy":"product_brand","embeddable":true,"href":"https:\/\/kastagnette.com\/shop\/wp-json\/wp\/v2\/product_brand?post=74"},{"taxonomy":"product_cat","embeddable":true,"href":"https:\/\/kastagnette.com\/shop\/wp-json\/wp\/v2\/product_cat?post=74"},{"taxonomy":"product_tag","embeddable":true,"href":"https:\/\/kastagnette.com\/shop\/wp-json\/wp\/v2\/product_tag?post=74"}],"curies":[{"name":"wp","href":"https:\/\/api.w.org\/{rel}","templated":true}]}}