{"id":77,"date":"2024-06-12T21:00:40","date_gmt":"2024-06-12T19:00:40","guid":{"rendered":"https:\/\/kastagnette.com\/shop\/?post_type=product&#038;p=77"},"modified":"2026-01-19T20:51:50","modified_gmt":"2026-01-19T19:51:50","slug":"audios-concert-castanets-i-iii","status":"publish","type":"product","link":"https:\/\/kastagnette.com\/shop\/produkt\/audios-concert-castanets-i-iii\/","title":{"rendered":"AUDIOS Concert Castanets I -III MP3"},"content":{"rendered":"\r\n<p><strong>Audioaufnahmen der Alben Concert Castanets I bis III &#8211; Konzertkastagnetten &amp; Piano<\/strong><\/p>\r\n<p>\r\n\r\n<\/p>\r\n<p><strong>Amparo de Triana<\/strong> &#8211; Konzertkastagnetten <br \/><strong>Yoshimi Ogawa<\/strong> &#8211; Piano<\/p>\r\n<p>\r\n\r\n<\/p>\r\n<p><strong>3 Alben mit 24 Solos und 3 Kastagnettenduos<br \/><br \/><span style=\"color: #871600\">Concert Castanets I:\u00a0<\/span><\/strong>\u00a0 <br \/>Konzertkastagnetten f\u00fcr die 6 kleinen Pr\u00e4ludien von J. S. Bach, BWV 933 bis 938 und ein Kastagnettenduo.<strong><br \/><\/strong><\/p>\r\n<p><!-- \/wp:post-content -->\r\n\r\n<!-- wp:media-text {\"align\":\"wide\",\"mediaId\":4801,\"mediaType\":\"image\",\"mediaWidth\":30,\"className\":\"is-style-default\"} --><\/p>\r\n<p><!-- \/wp:media-text -->\r\n\r\n<!-- wp:spacer {\"height\":\"15px\"} --><\/p>\r\n<p class=\"wp-block-spacer\" aria-hidden=\"true\"><span style=\"color: #115c00\"><strong>Concert Castanets II: <br \/><\/strong><\/span>Konzertkastagnetten f\u00fcr 10 kurze Werke von Burgm\u00fcller, L. Mozart, Purcell, Lully, J. S. Bach, Petzold, Beethoven und H\u00e4ndel plus ein\u00a0Kastagnettenduo.<\/p>\r\n<div class=\"wp-block-media-text__content\"><!-- \/wp:spacer --><\/div>\r\n<p><!-- \/wp:media-text -->\r\n\r\n<!-- wp:spacer {\"height\":\"15px\"} --><\/p>\r\n<p class=\"wp-block-spacer\" aria-hidden=\"true\"><span style=\"color: #09ab5a\"><strong>Concert Castanets III: <br \/><\/strong><\/span>Konzertkastagnetten zu 9 Lyrischen St\u00fccken von Edvard Grieg mit virtuosem Charakter, 8 Solos und ein zweistimmiges St\u00fcck.<\/p>\r\n<p aria-hidden=\"true\">Enthalten sind Tonaufnahmen aller St\u00fccke des Notenb\u00e4nde Concert Castanets I &#8211; III, zun\u00e4chst Kastagnetten plus Piano, dann Piano solo und schlie\u00dflich von dem zweistimmigen St\u00fccken auch Piano &amp; 1. Kastagnettenstimme und Piano &amp; 2. Kastagnettenstimme, f\u00fcr Kastagnettenspieler, die die Notenb\u00e4nde studieren und spielen wollen.<\/p>\r\n<div class=\"wp-block-media-text alignwide is-stacked-on-mobile\">\r\n<div class=\"wp-block-media-text__content\"><!-- \/wp:paragraph --><\/div>\r\n<\/div>\r\n<!-- \/wp:spacer -->\r\n\r\n<!-- wp:paragraph -->\r\n<p><em>Erh\u00e4ltlich als MP3 Download. <br \/><\/em><\/p>\r\n<p>F\u00fcr CDs oder als WAV-Dateien auf einem USB Stick bitte w\u00e4hlen Sie <span style=\"color: #008000\"><em><a style=\"color: #008000\" href=\"https:\/\/kastagnette.com\/shop\/produkt\/audios-concert-castanets-i-iii-cd-usb\/\" target=\"_blank\" rel=\"noopener\">Audio CONCERT CASTANETS CD &amp; USB, Artikelnr. CD03<\/a><\/em>.<\/span><\/p>\r\n<p>\u00dcbrigens: die Notenb\u00e4nde dieser Kastagnettenpartituren sind als E-Book und Print in diesem Shop erh\u00e4ltlich.<\/p>\r\n<!-- \/wp:paragraph -->\r\n\r\n<!-- wp:gallery {\"linkTo\":\"none\",\"sizeSlug\":\"full\"} -->\r\n<figure class=\"wp-block-gallery has-nested-images columns-default is-cropped\"><!-- wp:image {\"id\":4821,\"sizeSlug\":\"full\",\"linkDestination\":\"none\",\"className\":\"is-style-default\"} --><!-- \/wp:image --><\/figure>\r\n<!-- \/wp:gallery -->","protected":false},"excerpt":{"rendered":"<p><strong>Audioaufnahmen der Alben Concert Castanets I bis III &#8211; Konzertkastagnetten &amp; Piano<\/strong><\/p>\n<p>60 Musiktitel<\/p>\n<p> <a class=\"more-link\" href=\"https:\/\/kastagnette.com\/shop\/produkt\/audios-concert-castanets-i-iii\/\">Weiterlesen<\/a><\/p>","protected":false},"featured_media":12288,"comment_status":"closed","ping_status":"closed","template":"","meta":[],"product_brand":[],"product_cat":[26,25],"product_tag":[28,29,30],"class_list":{"0":"post-77","1":"product","2":"type-product","3":"status-publish","4":"has-post-thumbnail","6":"product_cat-mp3-download","7":"product_cat-musik","8":"product_tag-audios","9":"product_tag-mp3","10":"product_tag-tonaufnahmen","11":"pa_music-mp3","13":"first","14":"instock","15":"downloadable","16":"virtual","17":"sold-individually","18":"purchasable","19":"product-type-simple"},"aioseo_notices":[],"_links":{"self":[{"href":"https:\/\/kastagnette.com\/shop\/wp-json\/wp\/v2\/product\/77","targetHints":{"allow":["GET"]}}],"collection":[{"href":"https:\/\/kastagnette.com\/shop\/wp-json\/wp\/v2\/product"}],"about":[{"href":"https:\/\/kastagnette.com\/shop\/wp-json\/wp\/v2\/types\/product"}],"replies":[{"embeddable":true,"href":"https:\/\/kastagnette.com\/shop\/wp-json\/wp\/v2\/comments?post=77"}],"wp:featuredmedia":[{"embeddable":true,"href":"https:\/\/kastagnette.com\/shop\/wp-json\/wp\/v2\/media\/12288"}],"wp:attachment":[{"href":"https:\/\/kastagnette.com\/shop\/wp-json\/wp\/v2\/media?parent=77"}],"wp:term":[{"taxonomy":"product_brand","embeddable":true,"href":"https:\/\/kastagnette.com\/shop\/wp-json\/wp\/v2\/product_brand?post=77"},{"taxonomy":"product_cat","embeddable":true,"href":"https:\/\/kastagnette.com\/shop\/wp-json\/wp\/v2\/product_cat?post=77"},{"taxonomy":"product_tag","embeddable":true,"href":"https:\/\/kastagnette.com\/shop\/wp-json\/wp\/v2\/product_tag?post=77"}],"curies":[{"name":"wp","href":"https:\/\/api.w.org\/{rel}","templated":true}]}}