{"id":78,"date":"2024-08-23T21:00:40","date_gmt":"2024-08-23T19:00:40","guid":{"rendered":"https:\/\/kastagnette.com\/shop\/?post_type=product&#038;p=78"},"modified":"2026-01-29T21:38:13","modified_gmt":"2026-01-29T20:38:13","slug":"concert-castanets-vi","status":"publish","type":"product","link":"https:\/\/kastagnette.com\/shop\/produkt\/concert-castanets-vi\/","title":{"rendered":"Concert Castanets VI"},"content":{"rendered":"\r\n<h3>Concert Castanets VI: Scott Joplin Ragtimes und Ragtime Waltz<\/h3>\r\n<p>9 Kastagnettenstimmen Solo und ein Kastagnettenduo &#8211; Niveau Mittelstufe bis Fortgeschrittene<\/p>\r\n\r\n\r\n\r\n\r\n\r\n<p>Hier ein <strong>Auszug aus dem Vorwort<\/strong>: Auf der Suche nach geeigneter Musik f\u00fcr die \u00dcbungen zu Beginn meines Kastagnettenunterrichts habe ich die Musik von Scott Joplin entdeckt und lieben gelernt. Auch meinen Kursteilnehmern gefielen seine St\u00fccke sehr gut. Diese Musik inspirierte mich so sehr, dass immer mehr Kastagnetten-St\u00fccke zu seinen Werken entstanden. <br \/>Das Wort Ragtime leitet sich von &#8220;ragged time&#8221; ab, was sich auf die vielen Synkopen in den Melodien bezieht. Seine Bl\u00fctezeit erlebte der Ragtime zu Beginn des 20. Jahrhunderts in den USA, wo er nach dem Ersten Weltkrieg vom Jazz verdr\u00e4ngt wurde. Mit dem Welterfolg des Kinofilms &#8220;The Sting&#8221; von 1973, die stark von orchestrierten Versionen von Scott-Joplin-St\u00fccken wie &#8220;The Entertainer&#8221; und &#8220;Easy Winners&#8221; unterst\u00fctzt wurde, erfuhr er eine neue weltweite Popularit\u00e4t.<br \/>Scott Joplin war nicht der Erfinder des Ragtime-Stils, aber er hat ihn perfektioniert \u2026.<\/p>\r\n<p>F\u00fcr die Begleitmusik finden Sie eine Playlist in meinem <em><a title=\"\" href=\"https:\/\/www.youtube.com\/@amparodetriana\" target=\"_blank\" rel=\"noopener\">Youtube Account<\/a><\/em>.<\/p>\r\n<p>1. Auflage als E-Book. \u00dcbersetzung der englischen Texte ins Spanische und Deutsche auf Anfrage erh\u00e4ltlich.<\/p>\r\n<p>Auf Anfrage per <em><a href=\"https:\/\/kastagnette.com\/shop\/contact\/\" target=\"_blank\" rel=\"noopener\">E-Mail<\/a><\/em> k\u00f6nnen Sie zu Ihrem autorisierten E-Book einen ebenso autorisierten Ausdruck als Loseblattsammlung bestellen. Die zus\u00e4tzlichen Kosten werden anhand der Seitenanzahl berechnet und liegen f\u00fcr diesen Band bei 4,00 \u20ac zzgl. Versandkosten, wie in unseren AGB festgelegt.<\/p>\r\n<p><em>F\u00fcr die Autorisierung des E-Books bitte Namen und Vornamen angeben. Bitte beachten Sie bei der Bestellung, dass E-Books aus urheberrechtlichen Gr\u00fcnden nicht ausgedruckt werden k\u00f6nnen und sie d\u00fcrfen auch nicht kopiert werden. Ebenso ist das Kopieren oder die anderweitige Vervielf\u00e4ltigung des Ausdrucks als Loseblattsammlung nicht gestattet.<\/em><\/p>\r\n<p>Die Partituren meiner zahlreichen Notenb\u00e4nde k\u00f6nnen \u2013 mit wenigen Ausnahmen \u2013 auch einzeln als PDF bestellt werden. Eine <a href=\"https:\/\/kastagnette.com\/shop\/wp-content\/uploads\/sites\/6\/2025\/07\/Titelliste_CC_VI.pdf\" target=\"_blank\" rel=\"noopener\"><em>L<\/em><em>iste der <\/em><em>Partituren dieses Notenbandes <\/em><\/a>mit den jeweiligen Preisen finden Sie hier. Wenn Sie Interesse haben, schicken sie uns einfach<em> <a href=\"https:\/\/kastagnette.com\/shop\/contact\/\" target=\"_blank\" rel=\"noopener\">eine E-Mail<\/a><\/em> mit der Angabe, welcher Titel aus diesem Notenband Sie interessiert.<\/p>\r\n","protected":false},"excerpt":{"rendered":"<p>Konzertkastagnetten mit Scott Joplin: Ragtimes und Ragtime Waltz als E-Book.<br \/>Niveau Mittelstufe bis Fortgeschrittene<\/p>\n<p>33 Seiten<\/p>\n<p> <a class=\"more-link\" href=\"https:\/\/kastagnette.com\/shop\/produkt\/concert-castanets-vi\/\">Weiterlesen<\/a><\/p>","protected":false},"featured_media":12413,"comment_status":"closed","ping_status":"closed","template":"","meta":[],"product_brand":[],"product_cat":[23,17],"product_tag":[24,19,20],"class_list":{"0":"post-78","1":"product","2":"type-product","3":"status-publish","4":"has-post-thumbnail","6":"product_cat-e-book","7":"product_cat-noten","8":"product_tag-ebook","9":"product_tag-kastagnettennoten","10":"product_tag-noten","11":"pa_noten-ebook","13":"first","14":"instock","15":"featured","16":"virtual","17":"sold-individually","18":"purchasable","19":"product-type-simple"},"aioseo_notices":[],"_links":{"self":[{"href":"https:\/\/kastagnette.com\/shop\/wp-json\/wp\/v2\/product\/78","targetHints":{"allow":["GET"]}}],"collection":[{"href":"https:\/\/kastagnette.com\/shop\/wp-json\/wp\/v2\/product"}],"about":[{"href":"https:\/\/kastagnette.com\/shop\/wp-json\/wp\/v2\/types\/product"}],"replies":[{"embeddable":true,"href":"https:\/\/kastagnette.com\/shop\/wp-json\/wp\/v2\/comments?post=78"}],"wp:featuredmedia":[{"embeddable":true,"href":"https:\/\/kastagnette.com\/shop\/wp-json\/wp\/v2\/media\/12413"}],"wp:attachment":[{"href":"https:\/\/kastagnette.com\/shop\/wp-json\/wp\/v2\/media?parent=78"}],"wp:term":[{"taxonomy":"product_brand","embeddable":true,"href":"https:\/\/kastagnette.com\/shop\/wp-json\/wp\/v2\/product_brand?post=78"},{"taxonomy":"product_cat","embeddable":true,"href":"https:\/\/kastagnette.com\/shop\/wp-json\/wp\/v2\/product_cat?post=78"},{"taxonomy":"product_tag","embeddable":true,"href":"https:\/\/kastagnette.com\/shop\/wp-json\/wp\/v2\/product_tag?post=78"}],"curies":[{"name":"wp","href":"https:\/\/api.w.org\/{rel}","templated":true}]}}